{"id":2513,"date":"2023-02-21T19:45:18","date_gmt":"2023-02-21T16:45:18","guid":{"rendered":"https:\/\/eminis.com.tr\/?post_type=product&#038;p=2513"},"modified":"2024-08-27T16:46:57","modified_gmt":"2024-08-27T13:46:57","slug":"165-diameter-box-2","status":"publish","type":"product","link":"https:\/\/eminis.com.tr\/en\/product\/165-diameter-box-2\/","title":{"rendered":"165 Diameter Box"},"content":{"rendered":"","protected":false},"excerpt":{"rendered":"[ninja_tables id=\"2307\"]\n","protected":false},"featured_media":1671,"template":"","meta":[],"product_brand":[],"product_cat":[82,77],"product_tag":[],"class_list":{"0":"post-2513","1":"product","2":"type-product","3":"status-publish","4":"has-post-thumbnail","6":"product_cat-cylindrical-can","7":"product_cat-metal-en","9":"first","10":"instock","11":"sold-individually","12":"shipping-taxable","13":"product-type-simple"},"yoast_head":"<!-- This site is optimized with the Yoast SEO plugin v27.5 - https:\/\/yoast.com\/product\/yoast-seo-wordpress\/ -->\n<title>165 Diameter Box - Plastik Kova, Metal Kova, Metal Pail Manufacturer, Plastic Industrial Bucket Manufacturer, metal packaging manufacturer in Europe,plastik ambalaj \u00fcreticileri<\/title>\n<meta name=\"description\" content=\"Plastik Kova, Metal Kova, Metal Pail Manufacturer, Plastic Industrial Bucket Manufacturer, metal packaging manufacturer in Europe,plastik ambalaj \u00fcreticileri 165 Diameter Box \u00fcr\u00fcn\u00fcn\u00fc incelemek i\u00e7in siteyi ziyaret edin. Emini\u015f Ambalaj, T\u00fcrkiye merkezli 1970&#039;den beri hizmet veren bir metal ve plastik ambalaj \u015firketidir.\" \/>\n<meta name=\"robots\" content=\"index, follow, max-snippet:-1, max-image-preview:large, max-video-preview:-1\" \/>\n<link rel=\"canonical\" href=\"https:\/\/eminis.com.tr\/en\/product\/165-diameter-box-2\/\" \/>\n<meta property=\"og:locale\" content=\"en_US\" \/>\n<meta property=\"og:type\" content=\"article\" \/>\n<meta property=\"og:title\" content=\"165 Diameter Box - Plastik Kova, Metal Kova, Metal Pail Manufacturer, Plastic Industrial Bucket Manufacturer, metal packaging manufacturer in Europe,plastik ambalaj \u00fcreticileri\" \/>\n<meta property=\"og:description\" content=\"Plastik Kova, Metal Kova, Metal Pail Manufacturer, Plastic Industrial Bucket Manufacturer, metal packaging manufacturer in Europe,plastik ambalaj \u00fcreticileri 165 Diameter Box \u00fcr\u00fcn\u00fcn\u00fc incelemek i\u00e7in siteyi ziyaret edin. Emini\u015f Ambalaj, T\u00fcrkiye merkezli 1970&#039;den beri hizmet veren bir metal ve plastik ambalaj \u015firketidir.\" \/>\n<meta property=\"og:url\" content=\"https:\/\/eminis.com.tr\/en\/product\/165-diameter-box-2\/\" \/>\n<meta property=\"og:site_name\" content=\"Plastik Kova, Metal Kova, Metal Pail Manufacturer, Plastic Industrial Bucket Manufacturer, metal packaging manufacturer in Europe,plastik ambalaj \u00fcreticileri\" \/>\n<meta property=\"article:publisher\" content=\"https:\/\/www.facebook.com\/EminisAmbalaj\/\" \/>\n<meta property=\"article:modified_time\" content=\"2024-08-27T13:46:57+00:00\" \/>\n<meta property=\"og:image\" content=\"https:\/\/eminis.com.tr\/wp-content\/uploads\/2022\/06\/165-KUTU-KULPLU-10-2.jpg\" \/>\n\t<meta property=\"og:image:width\" content=\"1080\" \/>\n\t<meta property=\"og:image:height\" content=\"1080\" \/>\n\t<meta property=\"og:image:type\" content=\"image\/jpeg\" \/>\n<meta name=\"twitter:card\" content=\"summary_large_image\" \/>\n<script type=\"application\/ld+json\" class=\"yoast-schema-graph\">{\"@context\":\"https:\\\/\\\/schema.org\",\"@graph\":[{\"@type\":[\"WebPage\",\"ItemPage\"],\"@id\":\"https:\\\/\\\/eminis.com.tr\\\/en\\\/product\\\/165-diameter-box-2\\\/\",\"url\":\"https:\\\/\\\/eminis.com.tr\\\/en\\\/product\\\/165-diameter-box-2\\\/\",\"name\":\"165 Diameter Box - Plastik Kova, Metal Kova, Metal Pail Manufacturer, Plastic Industrial Bucket Manufacturer, metal packaging manufacturer in Europe,plastik ambalaj \u00fcreticileri\",\"isPartOf\":{\"@id\":\"https:\\\/\\\/eminis.com.tr\\\/en\\\/#website\"},\"primaryImageOfPage\":{\"@id\":\"https:\\\/\\\/eminis.com.tr\\\/en\\\/product\\\/165-diameter-box-2\\\/#primaryimage\"},\"image\":{\"@id\":\"https:\\\/\\\/eminis.com.tr\\\/en\\\/product\\\/165-diameter-box-2\\\/#primaryimage\"},\"thumbnailUrl\":\"https:\\\/\\\/eminis.com.tr\\\/wp-content\\\/uploads\\\/2022\\\/06\\\/165-KUTU-KULPLU-10-2.jpg\",\"datePublished\":\"2023-02-21T16:45:18+00:00\",\"dateModified\":\"2024-08-27T13:46:57+00:00\",\"description\":\"Plastik Kova, Metal Kova, Metal Pail Manufacturer, Plastic Industrial Bucket Manufacturer, metal packaging manufacturer in Europe,plastik ambalaj \u00fcreticileri 165 Diameter Box \u00fcr\u00fcn\u00fcn\u00fc incelemek i\u00e7in siteyi ziyaret edin. Emini\u015f Ambalaj, T\u00fcrkiye merkezli 1970'den beri hizmet veren bir metal ve plastik ambalaj \u015firketidir.\",\"breadcrumb\":{\"@id\":\"https:\\\/\\\/eminis.com.tr\\\/en\\\/product\\\/165-diameter-box-2\\\/#breadcrumb\"},\"inLanguage\":\"en-US\",\"potentialAction\":[{\"@type\":\"ReadAction\",\"target\":[\"https:\\\/\\\/eminis.com.tr\\\/en\\\/product\\\/165-diameter-box-2\\\/\"]}]},{\"@type\":\"ImageObject\",\"inLanguage\":\"en-US\",\"@id\":\"https:\\\/\\\/eminis.com.tr\\\/en\\\/product\\\/165-diameter-box-2\\\/#primaryimage\",\"url\":\"https:\\\/\\\/eminis.com.tr\\\/wp-content\\\/uploads\\\/2022\\\/06\\\/165-KUTU-KULPLU-10-2.jpg\",\"contentUrl\":\"https:\\\/\\\/eminis.com.tr\\\/wp-content\\\/uploads\\\/2022\\\/06\\\/165-KUTU-KULPLU-10-2.jpg\",\"width\":1080,\"height\":1080},{\"@type\":\"BreadcrumbList\",\"@id\":\"https:\\\/\\\/eminis.com.tr\\\/en\\\/product\\\/165-diameter-box-2\\\/#breadcrumb\",\"itemListElement\":[{\"@type\":\"ListItem\",\"position\":1,\"name\":\"Anasayfa\",\"item\":\"https:\\\/\\\/eminis.com.tr\\\/en\\\/\"},{\"@type\":\"ListItem\",\"position\":2,\"name\":\"Shop\",\"item\":\"https:\\\/\\\/eminis.com.tr\\\/en\\\/products\\\/\"},{\"@type\":\"ListItem\",\"position\":3,\"name\":\"165 Diameter Box\"}]},{\"@type\":\"WebSite\",\"@id\":\"https:\\\/\\\/eminis.com.tr\\\/en\\\/#website\",\"url\":\"https:\\\/\\\/eminis.com.tr\\\/en\\\/\",\"name\":\"Plastik Kova, Metal Kova, Metal Pail Manufacturer, Plastic Industrial Bucket Manufacturer, metal packaging manufacturer in Europe,plastik ambalaj \u00fcreticileri\",\"description\":\"Emini\u015f Ambalaj - 1970&#039;den beri Ambalaj\u0131n\u0131z Emin Ellerde\",\"publisher\":{\"@id\":\"https:\\\/\\\/eminis.com.tr\\\/en\\\/#organization\"},\"potentialAction\":[{\"@type\":\"SearchAction\",\"target\":{\"@type\":\"EntryPoint\",\"urlTemplate\":\"https:\\\/\\\/eminis.com.tr\\\/en\\\/?s={search_term_string}\"},\"query-input\":{\"@type\":\"PropertyValueSpecification\",\"valueRequired\":true,\"valueName\":\"search_term_string\"}}],\"inLanguage\":\"en-US\"},{\"@type\":\"Organization\",\"@id\":\"https:\\\/\\\/eminis.com.tr\\\/en\\\/#organization\",\"name\":\"EM\u0130N\u0130\u015e AMBALAJ SAN. ve T\u0130C. A.\u015e.\",\"url\":\"https:\\\/\\\/eminis.com.tr\\\/en\\\/\",\"logo\":{\"@type\":\"ImageObject\",\"inLanguage\":\"en-US\",\"@id\":\"https:\\\/\\\/eminis.com.tr\\\/en\\\/#\\\/schema\\\/logo\\\/image\\\/\",\"url\":\"https:\\\/\\\/eminis.com.tr\\\/wp-content\\\/uploads\\\/2022\\\/04\\\/Logo.png\",\"contentUrl\":\"https:\\\/\\\/eminis.com.tr\\\/wp-content\\\/uploads\\\/2022\\\/04\\\/Logo.png\",\"width\":250,\"height\":75,\"caption\":\"EM\u0130N\u0130\u015e AMBALAJ SAN. ve T\u0130C. A.\u015e.\"},\"image\":{\"@id\":\"https:\\\/\\\/eminis.com.tr\\\/en\\\/#\\\/schema\\\/logo\\\/image\\\/\"},\"sameAs\":[\"https:\\\/\\\/www.facebook.com\\\/EminisAmbalaj\\\/\",\"https:\\\/\\\/www.instagram.com\\\/eminisambalaj\\\/\",\"https:\\\/\\\/tr.linkedin.com\\\/company\\\/eminis\"]}]}<\/script>\n<!-- \/ Yoast SEO plugin. -->","yoast_head_json":{"title":"165 Diameter Box - Plastik Kova, Metal Kova, Metal Pail Manufacturer, Plastic Industrial Bucket Manufacturer, metal packaging manufacturer in Europe,plastik ambalaj \u00fcreticileri","description":"Plastik Kova, Metal Kova, Metal Pail Manufacturer, Plastic Industrial Bucket Manufacturer, metal packaging manufacturer in Europe,plastik ambalaj \u00fcreticileri 165 Diameter Box \u00fcr\u00fcn\u00fcn\u00fc incelemek i\u00e7in siteyi ziyaret edin. Emini\u015f Ambalaj, T\u00fcrkiye merkezli 1970'den beri hizmet veren bir metal ve plastik ambalaj \u015firketidir.","robots":{"index":"index","follow":"follow","max-snippet":"max-snippet:-1","max-image-preview":"max-image-preview:large","max-video-preview":"max-video-preview:-1"},"canonical":"https:\/\/eminis.com.tr\/en\/product\/165-diameter-box-2\/","og_locale":"en_US","og_type":"article","og_title":"165 Diameter Box - Plastik Kova, Metal Kova, Metal Pail Manufacturer, Plastic Industrial Bucket Manufacturer, metal packaging manufacturer in Europe,plastik ambalaj \u00fcreticileri","og_description":"Plastik Kova, Metal Kova, Metal Pail Manufacturer, Plastic Industrial Bucket Manufacturer, metal packaging manufacturer in Europe,plastik ambalaj \u00fcreticileri 165 Diameter Box \u00fcr\u00fcn\u00fcn\u00fc incelemek i\u00e7in siteyi ziyaret edin. Emini\u015f Ambalaj, T\u00fcrkiye merkezli 1970'den beri hizmet veren bir metal ve plastik ambalaj \u015firketidir.","og_url":"https:\/\/eminis.com.tr\/en\/product\/165-diameter-box-2\/","og_site_name":"Plastik Kova, Metal Kova, Metal Pail Manufacturer, Plastic Industrial Bucket Manufacturer, metal packaging manufacturer in Europe,plastik ambalaj \u00fcreticileri","article_publisher":"https:\/\/www.facebook.com\/EminisAmbalaj\/","article_modified_time":"2024-08-27T13:46:57+00:00","og_image":[{"width":1080,"height":1080,"url":"https:\/\/eminis.com.tr\/wp-content\/uploads\/2022\/06\/165-KUTU-KULPLU-10-2.jpg","type":"image\/jpeg"}],"twitter_card":"summary_large_image","schema":{"@context":"https:\/\/schema.org","@graph":[{"@type":["WebPage","ItemPage"],"@id":"https:\/\/eminis.com.tr\/en\/product\/165-diameter-box-2\/","url":"https:\/\/eminis.com.tr\/en\/product\/165-diameter-box-2\/","name":"165 Diameter Box - Plastik Kova, Metal Kova, Metal Pail Manufacturer, Plastic Industrial Bucket Manufacturer, metal packaging manufacturer in Europe,plastik ambalaj \u00fcreticileri","isPartOf":{"@id":"https:\/\/eminis.com.tr\/en\/#website"},"primaryImageOfPage":{"@id":"https:\/\/eminis.com.tr\/en\/product\/165-diameter-box-2\/#primaryimage"},"image":{"@id":"https:\/\/eminis.com.tr\/en\/product\/165-diameter-box-2\/#primaryimage"},"thumbnailUrl":"https:\/\/eminis.com.tr\/wp-content\/uploads\/2022\/06\/165-KUTU-KULPLU-10-2.jpg","datePublished":"2023-02-21T16:45:18+00:00","dateModified":"2024-08-27T13:46:57+00:00","description":"Plastik Kova, Metal Kova, Metal Pail Manufacturer, Plastic Industrial Bucket Manufacturer, metal packaging manufacturer in Europe,plastik ambalaj \u00fcreticileri 165 Diameter Box \u00fcr\u00fcn\u00fcn\u00fc incelemek i\u00e7in siteyi ziyaret edin. Emini\u015f Ambalaj, T\u00fcrkiye merkezli 1970'den beri hizmet veren bir metal ve plastik ambalaj \u015firketidir.","breadcrumb":{"@id":"https:\/\/eminis.com.tr\/en\/product\/165-diameter-box-2\/#breadcrumb"},"inLanguage":"en-US","potentialAction":[{"@type":"ReadAction","target":["https:\/\/eminis.com.tr\/en\/product\/165-diameter-box-2\/"]}]},{"@type":"ImageObject","inLanguage":"en-US","@id":"https:\/\/eminis.com.tr\/en\/product\/165-diameter-box-2\/#primaryimage","url":"https:\/\/eminis.com.tr\/wp-content\/uploads\/2022\/06\/165-KUTU-KULPLU-10-2.jpg","contentUrl":"https:\/\/eminis.com.tr\/wp-content\/uploads\/2022\/06\/165-KUTU-KULPLU-10-2.jpg","width":1080,"height":1080},{"@type":"BreadcrumbList","@id":"https:\/\/eminis.com.tr\/en\/product\/165-diameter-box-2\/#breadcrumb","itemListElement":[{"@type":"ListItem","position":1,"name":"Anasayfa","item":"https:\/\/eminis.com.tr\/en\/"},{"@type":"ListItem","position":2,"name":"Shop","item":"https:\/\/eminis.com.tr\/en\/products\/"},{"@type":"ListItem","position":3,"name":"165 Diameter Box"}]},{"@type":"WebSite","@id":"https:\/\/eminis.com.tr\/en\/#website","url":"https:\/\/eminis.com.tr\/en\/","name":"Plastik Kova, Metal Kova, Metal Pail Manufacturer, Plastic Industrial Bucket Manufacturer, metal packaging manufacturer in Europe,plastik ambalaj \u00fcreticileri","description":"Emini\u015f Ambalaj - 1970&#039;den beri Ambalaj\u0131n\u0131z Emin Ellerde","publisher":{"@id":"https:\/\/eminis.com.tr\/en\/#organization"},"potentialAction":[{"@type":"SearchAction","target":{"@type":"EntryPoint","urlTemplate":"https:\/\/eminis.com.tr\/en\/?s={search_term_string}"},"query-input":{"@type":"PropertyValueSpecification","valueRequired":true,"valueName":"search_term_string"}}],"inLanguage":"en-US"},{"@type":"Organization","@id":"https:\/\/eminis.com.tr\/en\/#organization","name":"EM\u0130N\u0130\u015e AMBALAJ SAN. ve T\u0130C. A.\u015e.","url":"https:\/\/eminis.com.tr\/en\/","logo":{"@type":"ImageObject","inLanguage":"en-US","@id":"https:\/\/eminis.com.tr\/en\/#\/schema\/logo\/image\/","url":"https:\/\/eminis.com.tr\/wp-content\/uploads\/2022\/04\/Logo.png","contentUrl":"https:\/\/eminis.com.tr\/wp-content\/uploads\/2022\/04\/Logo.png","width":250,"height":75,"caption":"EM\u0130N\u0130\u015e AMBALAJ SAN. ve T\u0130C. A.\u015e."},"image":{"@id":"https:\/\/eminis.com.tr\/en\/#\/schema\/logo\/image\/"},"sameAs":["https:\/\/www.facebook.com\/EminisAmbalaj\/","https:\/\/www.instagram.com\/eminisambalaj\/","https:\/\/tr.linkedin.com\/company\/eminis"]}]}},"_links":{"self":[{"href":"https:\/\/eminis.com.tr\/en\/wp-json\/wp\/v2\/product\/2513","targetHints":{"allow":["GET"]}}],"collection":[{"href":"https:\/\/eminis.com.tr\/en\/wp-json\/wp\/v2\/product"}],"about":[{"href":"https:\/\/eminis.com.tr\/en\/wp-json\/wp\/v2\/types\/product"}],"wp:featuredmedia":[{"embeddable":true,"href":"https:\/\/eminis.com.tr\/en\/wp-json\/wp\/v2\/media\/1671"}],"wp:attachment":[{"href":"https:\/\/eminis.com.tr\/en\/wp-json\/wp\/v2\/media?parent=2513"}],"wp:term":[{"taxonomy":"product_brand","embeddable":true,"href":"https:\/\/eminis.com.tr\/en\/wp-json\/wp\/v2\/product_brand?post=2513"},{"taxonomy":"product_cat","embeddable":true,"href":"https:\/\/eminis.com.tr\/en\/wp-json\/wp\/v2\/product_cat?post=2513"},{"taxonomy":"product_tag","embeddable":true,"href":"https:\/\/eminis.com.tr\/en\/wp-json\/wp\/v2\/product_tag?post=2513"}],"curies":[{"name":"wp","href":"https:\/\/api.w.org\/{rel}","templated":true}]}}