{"id":1934,"date":"2022-06-22T12:22:54","date_gmt":"2022-06-22T09:22:54","guid":{"rendered":"https:\/\/eminis.com.tr\/urun\/270-diameter-drum\/"},"modified":"2023-09-25T02:10:21","modified_gmt":"2023-09-24T23:10:21","slug":"270-diameter-drum","status":"publish","type":"product","link":"https:\/\/eminis.com.tr\/en\/product\/270-diameter-drum\/","title":{"rendered":"270 \u00d8 Drum"},"content":{"rendered":"","protected":false},"excerpt":{"rendered":"<p>[ninja_tables id=\"2763\"] <a href=\"https:\/\/eminis.com.tr\/wp-content\/uploads\/2022\/09\/un-serfikasi-eminisambalaj.png\"><img decoding=\"async\" class=\"alignleft wp-image-2013 \" src=\"https:\/\/eminis.com.tr\/wp-content\/uploads\/2022\/09\/un-serfikasi-eminisambalaj-150x150.png\" alt=\"\" width=\"50\" height=\"50\" srcset=\"https:\/\/eminis.com.tr\/wp-content\/uploads\/2022\/09\/un-serfikasi-eminisambalaj-150x150.png 150w, https:\/\/eminis.com.tr\/wp-content\/uploads\/2022\/09\/un-serfikasi-eminisambalaj-300x300.png 300w, https:\/\/eminis.com.tr\/wp-content\/uploads\/2022\/09\/un-serfikasi-eminisambalaj-350x350.png 350w, https:\/\/eminis.com.tr\/wp-content\/uploads\/2022\/09\/un-serfikasi-eminisambalaj-100x100.png 100w, https:\/\/eminis.com.tr\/wp-content\/uploads\/2022\/09\/un-serfikasi-eminisambalaj.png 400w\" sizes=\"(max-width: 50px) 100vw, 50px\" \/><\/a><\/p>\n","protected":false},"featured_media":1661,"template":"","meta":[],"product_brand":[],"product_cat":[78,77,94],"product_tag":[],"class_list":{"0":"post-1934","1":"product","2":"type-product","3":"status-publish","4":"has-post-thumbnail","6":"product_cat-jerrycan-monoblock","7":"product_cat-metal-en","8":"product_cat-un-packaging","10":"first","11":"instock","12":"sold-individually","13":"shipping-taxable","14":"product-type-simple"},"yoast_head":"<!-- This site is optimized with the Yoast SEO plugin v27.5 - https:\/\/yoast.com\/product\/yoast-seo-wordpress\/ -->\n<title>270 \u00d8 Drum - Plastik Kova, Metal Kova, Metal Pail Manufacturer, Plastic Industrial Bucket Manufacturer, metal packaging manufacturer in Europe,plastik ambalaj \u00fcreticileri<\/title>\n<meta name=\"description\" content=\"Plastik Kova, Metal Kova, Metal Pail Manufacturer, Plastic Industrial Bucket Manufacturer, metal packaging manufacturer in Europe,plastik ambalaj \u00fcreticileri 270 \u00d8 Drum \u00fcr\u00fcn\u00fcn\u00fc incelemek i\u00e7in siteyi ziyaret edin. Emini\u015f Ambalaj, T\u00fcrkiye merkezli 1970&#039;den beri hizmet veren bir metal ve plastik ambalaj \u015firketidir.\" \/>\n<meta name=\"robots\" content=\"index, follow, max-snippet:-1, max-image-preview:large, max-video-preview:-1\" \/>\n<link rel=\"canonical\" href=\"https:\/\/eminis.com.tr\/en\/product\/270-diameter-drum\/\" \/>\n<meta property=\"og:locale\" content=\"en_US\" \/>\n<meta property=\"og:type\" content=\"article\" \/>\n<meta property=\"og:title\" content=\"270 \u00d8 Drum - Plastik Kova, Metal Kova, Metal Pail Manufacturer, Plastic Industrial Bucket Manufacturer, metal packaging manufacturer in Europe,plastik ambalaj \u00fcreticileri\" \/>\n<meta property=\"og:description\" content=\"Plastik Kova, Metal Kova, Metal Pail Manufacturer, Plastic Industrial Bucket Manufacturer, metal packaging manufacturer in Europe,plastik ambalaj \u00fcreticileri 270 \u00d8 Drum \u00fcr\u00fcn\u00fcn\u00fc incelemek i\u00e7in siteyi ziyaret edin. Emini\u015f Ambalaj, T\u00fcrkiye merkezli 1970&#039;den beri hizmet veren bir metal ve plastik ambalaj \u015firketidir.\" \/>\n<meta property=\"og:url\" content=\"https:\/\/eminis.com.tr\/en\/product\/270-diameter-drum\/\" \/>\n<meta property=\"og:site_name\" content=\"Plastik Kova, Metal Kova, Metal Pail Manufacturer, Plastic Industrial Bucket Manufacturer, metal packaging manufacturer in Europe,plastik ambalaj \u00fcreticileri\" \/>\n<meta property=\"article:publisher\" content=\"https:\/\/www.facebook.com\/EminisAmbalaj\/\" \/>\n<meta property=\"article:modified_time\" content=\"2023-09-24T23:10:21+00:00\" \/>\n<meta property=\"og:image\" content=\"https:\/\/eminis.com.tr\/wp-content\/uploads\/2022\/06\/son-gelen-buyuk-1.jpg\" \/>\n\t<meta property=\"og:image:width\" content=\"1080\" \/>\n\t<meta property=\"og:image:height\" content=\"1080\" \/>\n\t<meta property=\"og:image:type\" content=\"image\/jpeg\" \/>\n<meta name=\"twitter:card\" content=\"summary_large_image\" \/>\n<script type=\"application\/ld+json\" class=\"yoast-schema-graph\">{\"@context\":\"https:\\\/\\\/schema.org\",\"@graph\":[{\"@type\":[\"WebPage\",\"ItemPage\"],\"@id\":\"https:\\\/\\\/eminis.com.tr\\\/en\\\/product\\\/270-diameter-drum\\\/\",\"url\":\"https:\\\/\\\/eminis.com.tr\\\/en\\\/product\\\/270-diameter-drum\\\/\",\"name\":\"270 \u00d8 Drum - Plastik Kova, Metal Kova, Metal Pail Manufacturer, Plastic Industrial Bucket Manufacturer, metal packaging manufacturer in Europe,plastik ambalaj \u00fcreticileri\",\"isPartOf\":{\"@id\":\"https:\\\/\\\/eminis.com.tr\\\/en\\\/#website\"},\"primaryImageOfPage\":{\"@id\":\"https:\\\/\\\/eminis.com.tr\\\/en\\\/product\\\/270-diameter-drum\\\/#primaryimage\"},\"image\":{\"@id\":\"https:\\\/\\\/eminis.com.tr\\\/en\\\/product\\\/270-diameter-drum\\\/#primaryimage\"},\"thumbnailUrl\":\"https:\\\/\\\/eminis.com.tr\\\/wp-content\\\/uploads\\\/2022\\\/06\\\/son-gelen-buyuk-1.jpg\",\"datePublished\":\"2022-06-22T09:22:54+00:00\",\"dateModified\":\"2023-09-24T23:10:21+00:00\",\"description\":\"Plastik Kova, Metal Kova, Metal Pail Manufacturer, Plastic Industrial Bucket Manufacturer, metal packaging manufacturer in Europe,plastik ambalaj \u00fcreticileri 270 \u00d8 Drum \u00fcr\u00fcn\u00fcn\u00fc incelemek i\u00e7in siteyi ziyaret edin. Emini\u015f Ambalaj, T\u00fcrkiye merkezli 1970'den beri hizmet veren bir metal ve plastik ambalaj \u015firketidir.\",\"breadcrumb\":{\"@id\":\"https:\\\/\\\/eminis.com.tr\\\/en\\\/product\\\/270-diameter-drum\\\/#breadcrumb\"},\"inLanguage\":\"en-US\",\"potentialAction\":[{\"@type\":\"ReadAction\",\"target\":[\"https:\\\/\\\/eminis.com.tr\\\/en\\\/product\\\/270-diameter-drum\\\/\"]}]},{\"@type\":\"ImageObject\",\"inLanguage\":\"en-US\",\"@id\":\"https:\\\/\\\/eminis.com.tr\\\/en\\\/product\\\/270-diameter-drum\\\/#primaryimage\",\"url\":\"https:\\\/\\\/eminis.com.tr\\\/wp-content\\\/uploads\\\/2022\\\/06\\\/son-gelen-buyuk-1.jpg\",\"contentUrl\":\"https:\\\/\\\/eminis.com.tr\\\/wp-content\\\/uploads\\\/2022\\\/06\\\/son-gelen-buyuk-1.jpg\",\"width\":1080,\"height\":1080},{\"@type\":\"BreadcrumbList\",\"@id\":\"https:\\\/\\\/eminis.com.tr\\\/en\\\/product\\\/270-diameter-drum\\\/#breadcrumb\",\"itemListElement\":[{\"@type\":\"ListItem\",\"position\":1,\"name\":\"Anasayfa\",\"item\":\"https:\\\/\\\/eminis.com.tr\\\/en\\\/\"},{\"@type\":\"ListItem\",\"position\":2,\"name\":\"Shop\",\"item\":\"https:\\\/\\\/eminis.com.tr\\\/en\\\/products\\\/\"},{\"@type\":\"ListItem\",\"position\":3,\"name\":\"270 \u00d8 Drum\"}]},{\"@type\":\"WebSite\",\"@id\":\"https:\\\/\\\/eminis.com.tr\\\/en\\\/#website\",\"url\":\"https:\\\/\\\/eminis.com.tr\\\/en\\\/\",\"name\":\"Plastik Kova, Metal Kova, Metal Pail Manufacturer, Plastic Industrial Bucket Manufacturer, metal packaging manufacturer in Europe,plastik ambalaj \u00fcreticileri\",\"description\":\"Emini\u015f Ambalaj - 1970&#039;den beri Ambalaj\u0131n\u0131z Emin Ellerde\",\"publisher\":{\"@id\":\"https:\\\/\\\/eminis.com.tr\\\/en\\\/#organization\"},\"potentialAction\":[{\"@type\":\"SearchAction\",\"target\":{\"@type\":\"EntryPoint\",\"urlTemplate\":\"https:\\\/\\\/eminis.com.tr\\\/en\\\/?s={search_term_string}\"},\"query-input\":{\"@type\":\"PropertyValueSpecification\",\"valueRequired\":true,\"valueName\":\"search_term_string\"}}],\"inLanguage\":\"en-US\"},{\"@type\":\"Organization\",\"@id\":\"https:\\\/\\\/eminis.com.tr\\\/en\\\/#organization\",\"name\":\"EM\u0130N\u0130\u015e AMBALAJ SAN. ve T\u0130C. A.\u015e.\",\"url\":\"https:\\\/\\\/eminis.com.tr\\\/en\\\/\",\"logo\":{\"@type\":\"ImageObject\",\"inLanguage\":\"en-US\",\"@id\":\"https:\\\/\\\/eminis.com.tr\\\/en\\\/#\\\/schema\\\/logo\\\/image\\\/\",\"url\":\"https:\\\/\\\/eminis.com.tr\\\/wp-content\\\/uploads\\\/2022\\\/04\\\/Logo.png\",\"contentUrl\":\"https:\\\/\\\/eminis.com.tr\\\/wp-content\\\/uploads\\\/2022\\\/04\\\/Logo.png\",\"width\":250,\"height\":75,\"caption\":\"EM\u0130N\u0130\u015e AMBALAJ SAN. ve T\u0130C. A.\u015e.\"},\"image\":{\"@id\":\"https:\\\/\\\/eminis.com.tr\\\/en\\\/#\\\/schema\\\/logo\\\/image\\\/\"},\"sameAs\":[\"https:\\\/\\\/www.facebook.com\\\/EminisAmbalaj\\\/\",\"https:\\\/\\\/www.instagram.com\\\/eminisambalaj\\\/\",\"https:\\\/\\\/tr.linkedin.com\\\/company\\\/eminis\"]}]}<\/script>\n<!-- \/ Yoast SEO plugin. -->","yoast_head_json":{"title":"270 \u00d8 Drum - Plastik Kova, Metal Kova, Metal Pail Manufacturer, Plastic Industrial Bucket Manufacturer, metal packaging manufacturer in Europe,plastik ambalaj \u00fcreticileri","description":"Plastik Kova, Metal Kova, Metal Pail Manufacturer, Plastic Industrial Bucket Manufacturer, metal packaging manufacturer in Europe,plastik ambalaj \u00fcreticileri 270 \u00d8 Drum \u00fcr\u00fcn\u00fcn\u00fc incelemek i\u00e7in siteyi ziyaret edin. Emini\u015f Ambalaj, T\u00fcrkiye merkezli 1970'den beri hizmet veren bir metal ve plastik ambalaj \u015firketidir.","robots":{"index":"index","follow":"follow","max-snippet":"max-snippet:-1","max-image-preview":"max-image-preview:large","max-video-preview":"max-video-preview:-1"},"canonical":"https:\/\/eminis.com.tr\/en\/product\/270-diameter-drum\/","og_locale":"en_US","og_type":"article","og_title":"270 \u00d8 Drum - Plastik Kova, Metal Kova, Metal Pail Manufacturer, Plastic Industrial Bucket Manufacturer, metal packaging manufacturer in Europe,plastik ambalaj \u00fcreticileri","og_description":"Plastik Kova, Metal Kova, Metal Pail Manufacturer, Plastic Industrial Bucket Manufacturer, metal packaging manufacturer in Europe,plastik ambalaj \u00fcreticileri 270 \u00d8 Drum \u00fcr\u00fcn\u00fcn\u00fc incelemek i\u00e7in siteyi ziyaret edin. Emini\u015f Ambalaj, T\u00fcrkiye merkezli 1970'den beri hizmet veren bir metal ve plastik ambalaj \u015firketidir.","og_url":"https:\/\/eminis.com.tr\/en\/product\/270-diameter-drum\/","og_site_name":"Plastik Kova, Metal Kova, Metal Pail Manufacturer, Plastic Industrial Bucket Manufacturer, metal packaging manufacturer in Europe,plastik ambalaj \u00fcreticileri","article_publisher":"https:\/\/www.facebook.com\/EminisAmbalaj\/","article_modified_time":"2023-09-24T23:10:21+00:00","og_image":[{"width":1080,"height":1080,"url":"https:\/\/eminis.com.tr\/wp-content\/uploads\/2022\/06\/son-gelen-buyuk-1.jpg","type":"image\/jpeg"}],"twitter_card":"summary_large_image","schema":{"@context":"https:\/\/schema.org","@graph":[{"@type":["WebPage","ItemPage"],"@id":"https:\/\/eminis.com.tr\/en\/product\/270-diameter-drum\/","url":"https:\/\/eminis.com.tr\/en\/product\/270-diameter-drum\/","name":"270 \u00d8 Drum - Plastik Kova, Metal Kova, Metal Pail Manufacturer, Plastic Industrial Bucket Manufacturer, metal packaging manufacturer in Europe,plastik ambalaj \u00fcreticileri","isPartOf":{"@id":"https:\/\/eminis.com.tr\/en\/#website"},"primaryImageOfPage":{"@id":"https:\/\/eminis.com.tr\/en\/product\/270-diameter-drum\/#primaryimage"},"image":{"@id":"https:\/\/eminis.com.tr\/en\/product\/270-diameter-drum\/#primaryimage"},"thumbnailUrl":"https:\/\/eminis.com.tr\/wp-content\/uploads\/2022\/06\/son-gelen-buyuk-1.jpg","datePublished":"2022-06-22T09:22:54+00:00","dateModified":"2023-09-24T23:10:21+00:00","description":"Plastik Kova, Metal Kova, Metal Pail Manufacturer, Plastic Industrial Bucket Manufacturer, metal packaging manufacturer in Europe,plastik ambalaj \u00fcreticileri 270 \u00d8 Drum \u00fcr\u00fcn\u00fcn\u00fc incelemek i\u00e7in siteyi ziyaret edin. Emini\u015f Ambalaj, T\u00fcrkiye merkezli 1970'den beri hizmet veren bir metal ve plastik ambalaj \u015firketidir.","breadcrumb":{"@id":"https:\/\/eminis.com.tr\/en\/product\/270-diameter-drum\/#breadcrumb"},"inLanguage":"en-US","potentialAction":[{"@type":"ReadAction","target":["https:\/\/eminis.com.tr\/en\/product\/270-diameter-drum\/"]}]},{"@type":"ImageObject","inLanguage":"en-US","@id":"https:\/\/eminis.com.tr\/en\/product\/270-diameter-drum\/#primaryimage","url":"https:\/\/eminis.com.tr\/wp-content\/uploads\/2022\/06\/son-gelen-buyuk-1.jpg","contentUrl":"https:\/\/eminis.com.tr\/wp-content\/uploads\/2022\/06\/son-gelen-buyuk-1.jpg","width":1080,"height":1080},{"@type":"BreadcrumbList","@id":"https:\/\/eminis.com.tr\/en\/product\/270-diameter-drum\/#breadcrumb","itemListElement":[{"@type":"ListItem","position":1,"name":"Anasayfa","item":"https:\/\/eminis.com.tr\/en\/"},{"@type":"ListItem","position":2,"name":"Shop","item":"https:\/\/eminis.com.tr\/en\/products\/"},{"@type":"ListItem","position":3,"name":"270 \u00d8 Drum"}]},{"@type":"WebSite","@id":"https:\/\/eminis.com.tr\/en\/#website","url":"https:\/\/eminis.com.tr\/en\/","name":"Plastik Kova, Metal Kova, Metal Pail Manufacturer, Plastic Industrial Bucket Manufacturer, metal packaging manufacturer in Europe,plastik ambalaj \u00fcreticileri","description":"Emini\u015f Ambalaj - 1970&#039;den beri Ambalaj\u0131n\u0131z Emin Ellerde","publisher":{"@id":"https:\/\/eminis.com.tr\/en\/#organization"},"potentialAction":[{"@type":"SearchAction","target":{"@type":"EntryPoint","urlTemplate":"https:\/\/eminis.com.tr\/en\/?s={search_term_string}"},"query-input":{"@type":"PropertyValueSpecification","valueRequired":true,"valueName":"search_term_string"}}],"inLanguage":"en-US"},{"@type":"Organization","@id":"https:\/\/eminis.com.tr\/en\/#organization","name":"EM\u0130N\u0130\u015e AMBALAJ SAN. ve T\u0130C. A.\u015e.","url":"https:\/\/eminis.com.tr\/en\/","logo":{"@type":"ImageObject","inLanguage":"en-US","@id":"https:\/\/eminis.com.tr\/en\/#\/schema\/logo\/image\/","url":"https:\/\/eminis.com.tr\/wp-content\/uploads\/2022\/04\/Logo.png","contentUrl":"https:\/\/eminis.com.tr\/wp-content\/uploads\/2022\/04\/Logo.png","width":250,"height":75,"caption":"EM\u0130N\u0130\u015e AMBALAJ SAN. ve T\u0130C. A.\u015e."},"image":{"@id":"https:\/\/eminis.com.tr\/en\/#\/schema\/logo\/image\/"},"sameAs":["https:\/\/www.facebook.com\/EminisAmbalaj\/","https:\/\/www.instagram.com\/eminisambalaj\/","https:\/\/tr.linkedin.com\/company\/eminis"]}]}},"_links":{"self":[{"href":"https:\/\/eminis.com.tr\/en\/wp-json\/wp\/v2\/product\/1934","targetHints":{"allow":["GET"]}}],"collection":[{"href":"https:\/\/eminis.com.tr\/en\/wp-json\/wp\/v2\/product"}],"about":[{"href":"https:\/\/eminis.com.tr\/en\/wp-json\/wp\/v2\/types\/product"}],"wp:featuredmedia":[{"embeddable":true,"href":"https:\/\/eminis.com.tr\/en\/wp-json\/wp\/v2\/media\/1661"}],"wp:attachment":[{"href":"https:\/\/eminis.com.tr\/en\/wp-json\/wp\/v2\/media?parent=1934"}],"wp:term":[{"taxonomy":"product_brand","embeddable":true,"href":"https:\/\/eminis.com.tr\/en\/wp-json\/wp\/v2\/product_brand?post=1934"},{"taxonomy":"product_cat","embeddable":true,"href":"https:\/\/eminis.com.tr\/en\/wp-json\/wp\/v2\/product_cat?post=1934"},{"taxonomy":"product_tag","embeddable":true,"href":"https:\/\/eminis.com.tr\/en\/wp-json\/wp\/v2\/product_tag?post=1934"}],"curies":[{"name":"wp","href":"https:\/\/api.w.org\/{rel}","templated":true}]}}