{"id":2236,"date":"2022-12-30T08:04:11","date_gmt":"2022-12-30T05:04:11","guid":{"rendered":"https:\/\/eminis.com.tr\/history\/"},"modified":"2023-08-28T14:34:51","modified_gmt":"2023-08-28T11:34:51","slug":"history","status":"publish","type":"page","link":"https:\/\/eminis.com.tr\/en\/history\/","title":{"rendered":"History"},"content":{"rendered":"\t\t<div data-elementor-type=\"wp-page\" data-elementor-id=\"2236\" class=\"elementor elementor-2236 elementor-2226\">\n\t\t\t\t\t\t<section class=\"elementor-section elementor-top-section elementor-element elementor-element-4ee8d45 elementor-section-boxed elementor-section-height-default elementor-section-height-default\" data-id=\"4ee8d45\" data-element_type=\"section\" data-e-type=\"section\">\n\t\t\t\t\t\t<div class=\"elementor-container elementor-column-gap-default\">\n\t\t\t\t\t<div class=\"elementor-column elementor-col-25 elementor-top-column elementor-element elementor-element-aa28236\" data-id=\"aa28236\" data-element_type=\"column\" data-e-type=\"column\">\n\t\t\t<div class=\"elementor-widget-wrap elementor-element-populated\">\n\t\t\t\t\t\t<div class=\"elementor-element elementor-element-758559a elementor-widget elementor-widget-heading\" data-id=\"758559a\" data-element_type=\"widget\" data-e-type=\"widget\" data-widget_type=\"heading.default\">\n\t\t\t\t<div class=\"elementor-widget-container\">\n\t\t\t\t\t<h3 class='heading-left  divider-modern'  style=\"color:#000000\"><span><em class=\"heading-subtitle\">Emini\u015f Packaging<\/em>From Past to Present<\/span><\/h3>\t\t\t\t<\/div>\n\t\t\t\t<\/div>\n\t\t\t\t\t<\/div>\n\t\t<\/div>\n\t\t\t\t<div class=\"elementor-column elementor-col-25 elementor-top-column elementor-element elementor-element-c29c6fb\" data-id=\"c29c6fb\" data-element_type=\"column\" data-e-type=\"column\">\n\t\t\t<div class=\"elementor-widget-wrap elementor-element-populated\">\n\t\t\t\t\t\t<div class=\"elementor-element elementor-element-60c44a3 elementor-widget elementor-widget-image\" data-id=\"60c44a3\" data-element_type=\"widget\" data-e-type=\"widget\" data-widget_type=\"image.default\">\n\t\t\t\t<div class=\"elementor-widget-container\">\n\t\t\t\t\t\t\t\t\t\t\t\t\t\t\t<img decoding=\"async\" width=\"150\" height=\"150\" src=\"https:\/\/eminis.com.tr\/wp-content\/uploads\/2022\/08\/eminis-logo-eski-150x150.png\" class=\"attachment-thumbnail size-thumbnail wp-image-1730\" alt=\"\" srcset=\"https:\/\/eminis.com.tr\/wp-content\/uploads\/2022\/08\/eminis-logo-eski-150x150.png 150w, https:\/\/eminis.com.tr\/wp-content\/uploads\/2022\/08\/eminis-logo-eski-100x100.png 100w\" sizes=\"(max-width: 150px) 100vw, 150px\" \/>\t\t\t\t\t\t\t\t\t\t\t\t\t\t\t<\/div>\n\t\t\t\t<\/div>\n\t\t\t\t\t<\/div>\n\t\t<\/div>\n\t\t\t\t<div class=\"elementor-column elementor-col-25 elementor-top-column elementor-element elementor-element-950fba8\" data-id=\"950fba8\" data-element_type=\"column\" data-e-type=\"column\">\n\t\t\t<div class=\"elementor-widget-wrap elementor-element-populated\">\n\t\t\t\t\t\t<div class=\"elementor-element elementor-element-fc66e37 elementor-widget elementor-widget-image\" data-id=\"fc66e37\" data-element_type=\"widget\" data-e-type=\"widget\" data-widget_type=\"image.default\">\n\t\t\t\t<div class=\"elementor-widget-container\">\n\t\t\t\t\t\t\t\t\t\t\t\t\t\t\t<img decoding=\"async\" width=\"150\" height=\"150\" src=\"https:\/\/eminis.com.tr\/wp-content\/uploads\/2022\/08\/eminis-logo-esk2-150x150.png\" class=\"attachment-thumbnail size-thumbnail wp-image-1731\" alt=\"\" srcset=\"https:\/\/eminis.com.tr\/wp-content\/uploads\/2022\/08\/eminis-logo-esk2-150x150.png 150w, https:\/\/eminis.com.tr\/wp-content\/uploads\/2022\/08\/eminis-logo-esk2-100x100.png 100w\" sizes=\"(max-width: 150px) 100vw, 150px\" \/>\t\t\t\t\t\t\t\t\t\t\t\t\t\t\t<\/div>\n\t\t\t\t<\/div>\n\t\t\t\t\t<\/div>\n\t\t<\/div>\n\t\t\t\t<div class=\"elementor-column elementor-col-25 elementor-top-column elementor-element elementor-element-2750f9e\" data-id=\"2750f9e\" data-element_type=\"column\" data-e-type=\"column\">\n\t\t\t<div class=\"elementor-widget-wrap elementor-element-populated\">\n\t\t\t\t\t\t<div class=\"elementor-element elementor-element-1020195 elementor-widget elementor-widget-image\" data-id=\"1020195\" data-element_type=\"widget\" data-e-type=\"widget\" data-widget_type=\"image.default\">\n\t\t\t\t<div class=\"elementor-widget-container\">\n\t\t\t\t\t\t\t\t\t\t\t\t\t\t\t<img fetchpriority=\"high\" decoding=\"async\" width=\"500\" height=\"200\" src=\"https:\/\/eminis.com.tr\/wp-content\/uploads\/2022\/05\/logobuyuk.png\" class=\"attachment-large size-large wp-image-1608\" alt=\"\" srcset=\"https:\/\/eminis.com.tr\/wp-content\/uploads\/2022\/05\/logobuyuk.png 500w, https:\/\/eminis.com.tr\/wp-content\/uploads\/2022\/05\/logobuyuk-300x120.png 300w\" sizes=\"(max-width: 500px) 100vw, 500px\" \/>\t\t\t\t\t\t\t\t\t\t\t\t\t\t\t<\/div>\n\t\t\t\t<\/div>\n\t\t\t\t\t<\/div>\n\t\t<\/div>\n\t\t\t\t\t<\/div>\n\t\t<\/section>\n\t\t\t\t<section class=\"elementor-section elementor-top-section elementor-element elementor-element-1eee019 elementor-section-boxed elementor-section-height-default elementor-section-height-default\" data-id=\"1eee019\" data-element_type=\"section\" data-e-type=\"section\">\n\t\t\t\t\t\t<div class=\"elementor-container elementor-column-gap-default\">\n\t\t\t\t\t<div class=\"elementor-column elementor-col-100 elementor-top-column elementor-element elementor-element-7d5c711\" data-id=\"7d5c711\" data-element_type=\"column\" data-e-type=\"column\">\n\t\t\t<div class=\"elementor-widget-wrap elementor-element-populated\">\n\t\t\t\t\t\t<div class=\"elementor-element elementor-element-6c72cc1 elementor-widget elementor-widget-heading\" data-id=\"6c72cc1\" data-element_type=\"widget\" data-e-type=\"widget\" data-widget_type=\"heading.default\">\n\t\t\t\t<div class=\"elementor-widget-container\">\n\t\t\t\t\t<h3 class='heading-left  divider-modern'  style=\"color:#000000\"><span><em class=\"heading-subtitle\">Since 1970<\/em>History<\/span><\/h3>\t\t\t\t<\/div>\n\t\t\t\t<\/div>\n\t\t\t\t<div class=\"elementor-element elementor-element-674c835 elementor-widget elementor-widget-timeline\" data-id=\"674c835\" data-element_type=\"widget\" data-e-type=\"widget\" data-widget_type=\"timeline.default\">\n\t\t\t\t<div class=\"elementor-widget-container\">\n\t\t\t\t\t<div class='timeline'><div class=\"timeline-item\"><div class=\"timeline-year\">1970<\/div><div class=\"timeline-content\"><h3 class=\"timeline-title\">Establishment<\/h3><div class=\"timeline-text\">Emini\u015f Packaging was established.<\/div><\/div><\/div><div class=\"timeline-item\"><div class=\"timeline-year\">1973<\/div><div class=\"timeline-content\"><h3 class=\"timeline-title\">Metal Packaging Production<\/h3><div class=\"timeline-text\"><\/div><\/div><\/div><div class=\"timeline-item\"><div class=\"timeline-year\">1980<\/div><div class=\"timeline-content\"><h3 class=\"timeline-title\">New Facility Investment<\/h3><div class=\"timeline-text\"><\/div><\/div><\/div><div class=\"timeline-item\"><div class=\"timeline-year\">1981<\/div><div class=\"timeline-content\"><h3 class=\"timeline-title\">Plastic Blow Moulding Technology<\/h3><div class=\"timeline-text\"><\/div><\/div><\/div><div class=\"timeline-item\"><div class=\"timeline-year\">1982<\/div><div class=\"timeline-content\"><h3 class=\"timeline-title\">Transition to Automatic Metal Presses <\/h3><div class=\"timeline-text\"><\/div><\/div><\/div><div class=\"timeline-item\"><div class=\"timeline-year\">1983<\/div><div class=\"timeline-content\"><h3 class=\"timeline-title\">Metal Production Line Automation<\/h3><div class=\"timeline-text\"><\/div><\/div><\/div><div class=\"timeline-item\"><div class=\"timeline-year\">1995<\/div><div class=\"timeline-content\"><h3 class=\"timeline-title\">BIST Public Offering<\/h3><div class=\"timeline-text\">Emini\u015f Packaging was offered to the public.<\/div><\/div><\/div><div class=\"timeline-item\"><div class=\"timeline-year\">1996<\/div><div class=\"timeline-content\"><h3 class=\"timeline-title\">Transition to New Production Facilities<\/h3><div class=\"timeline-text\">Transition to the production facilities used today.<\/div><\/div><\/div><div class=\"timeline-item\"><div class=\"timeline-year\">1997<\/div><div class=\"timeline-content\"><h3 class=\"timeline-title\">Plastik Kal\u0131p \u0130\u00e7i Etiketleme (IML)<\/h3><div class=\"timeline-text\">New in-mould labelling system integrated.<\/div><\/div><\/div><div class=\"timeline-item\"><div class=\"timeline-year\">2001<\/div><div class=\"timeline-content\"><h3 class=\"timeline-title\">Superfos Licence Agreement<\/h3><div class=\"timeline-text\"><\/div><\/div><\/div><div class=\"timeline-item\"><div class=\"timeline-year\">2006<\/div><div class=\"timeline-content\"><h3 class=\"timeline-title\">Transition to Silo System<\/h3><div class=\"timeline-text\"><\/div><\/div><\/div><div class=\"timeline-item\"><div class=\"timeline-year\">2010<\/div><div class=\"timeline-content\"><h3 class=\"timeline-title\">Production Online Tracking System<\/h3><div class=\"timeline-text\"><\/div><\/div><\/div><div class=\"timeline-item\"><div class=\"timeline-year\">2013<\/div><div class=\"timeline-content\"><h3 class=\"timeline-title\">1000 Tonne Injection Moulding Machine Investment<\/h3><div class=\"timeline-text\"><\/div><\/div><\/div><div class=\"timeline-item\"><div class=\"timeline-year\">2015<\/div><div class=\"timeline-content\"><h3 class=\"timeline-title\">R&D Studies on Environmentally Friendly Packaging<\/h3><div class=\"timeline-text\"><\/div><\/div><\/div><div class=\"timeline-item\"><div class=\"timeline-year\">2019<\/div><div class=\"timeline-content\"><h3 class=\"timeline-title\">First Export to the Americas<\/h3><div class=\"timeline-text\"><\/div><\/div><\/div><div class=\"timeline-item\"><div class=\"timeline-year\">2022<\/div><div class=\"timeline-content\"><h3 class=\"timeline-title\">Eminis.com.tr is online with its new interface.<\/h3><div class=\"timeline-text\">Corporate Identity and Digital Transformation studies were carried out.<\/div><\/div><\/div><\/div>\t\t\t\t<\/div>\n\t\t\t\t<\/div>\n\t\t\t\t\t<\/div>\n\t\t<\/div>\n\t\t\t\t\t<\/div>\n\t\t<\/section>\n\t\t\t\t<section class=\"elementor-section elementor-top-section elementor-element elementor-element-f33ba7c elementor-section-stretched elementor-section-boxed elementor-section-height-default elementor-section-height-default\" data-id=\"f33ba7c\" data-element_type=\"section\" data-e-type=\"section\" data-settings=\"{&quot;stretch_section&quot;:&quot;section-stretched&quot;,&quot;background_background&quot;:&quot;classic&quot;}\">\n\t\t\t\t\t\t<div class=\"elementor-container elementor-column-gap-no\">\n\t\t\t\t\t<div class=\"elementor-column elementor-col-100 elementor-top-column elementor-element elementor-element-3c5383f\" data-id=\"3c5383f\" data-element_type=\"column\" data-e-type=\"column\">\n\t\t\t<div class=\"elementor-widget-wrap elementor-element-populated\">\n\t\t\t\t\t\t<div class=\"elementor-element elementor-element-287a588 elementor-widget elementor-widget-download\" data-id=\"287a588\" data-element_type=\"widget\" data-e-type=\"widget\" data-widget_type=\"download.default\">\n\t\t\t\t<div class=\"elementor-widget-container\">\n\t\t\t\t\t<div class=\"download\"><div class='download-content text-uppercase' style='color: #FFFFFF'><i class='fa far fa-file-pdf'><\/i> VIEW OUR PRODUCT CATALOGUE<\/div><a target='_self' href='https:\/\/eminis.com.tr\/wp-content\/uploads\/2022\/09\/Eminis-Ambalaj-Katalog-20202-TR-1.pdf' class='btn btn-md btn-dark btn-shadow'><i class='fa fas fa-cloud-download-alt'><\/i> DISCOVER<\/a><\/div>\t\t\t\t<\/div>\n\t\t\t\t<\/div>\n\t\t\t\t\t<\/div>\n\t\t<\/div>\n\t\t\t\t\t<\/div>\n\t\t<\/section>\n\t\t\t\t<\/div>\n\t\t","protected":false},"excerpt":{"rendered":"<p>Emini\u015f PackagingFrom Past to Present Since 1970History 1970 Establishment Emini\u015f Packaging was established.1973 Metal Packaging Production 1980 New Facility Investment 1981 Plastic Blow Moulding Technology 1982 Transition to Automatic Metal Presses 1983 Metal Production Line Automation 1995 BIST Public Offering &hellip;<\/p>\n","protected":false},"author":1,"featured_media":0,"parent":0,"menu_order":0,"comment_status":"closed","ping_status":"closed","template":"","meta":{"footnotes":""},"class_list":["post-2236","page","type-page","status-publish","hentry"],"yoast_head":"<!-- This site is optimized with the Yoast SEO plugin v27.5 - https:\/\/yoast.com\/product\/yoast-seo-wordpress\/ -->\n<title>History - Plastik Kova, Metal Kova, Metal Pail Manufacturer, Plastic Industrial Bucket Manufacturer, metal packaging manufacturer in Europe,plastik ambalaj \u00fcreticileri<\/title>\n<meta name=\"description\" content=\"Emini\u015f Ambalaj, T\u00fcrkiye merkezli 1970&#039;den beri hizmet veren bir metal ve plastik ambalaj \u015firketidir. \u015eirket boya, kimya ve g\u0131da end\u00fcstrileri i\u00e7in pek \u00e7ok \u00fcr\u00fcn envanterine sahiptir. %\" \/>\n<meta name=\"robots\" content=\"index, follow, max-snippet:-1, max-image-preview:large, max-video-preview:-1\" \/>\n<link rel=\"canonical\" href=\"https:\/\/eminis.com.tr\/en\/history\/\" \/>\n<meta property=\"og:locale\" content=\"en_US\" \/>\n<meta property=\"og:type\" content=\"article\" \/>\n<meta property=\"og:title\" content=\"History - Plastik Kova, Metal Kova, Metal Pail Manufacturer, Plastic Industrial Bucket Manufacturer, metal packaging manufacturer in Europe,plastik ambalaj \u00fcreticileri\" \/>\n<meta property=\"og:description\" content=\"Emini\u015f Ambalaj, T\u00fcrkiye merkezli 1970&#039;den beri hizmet veren bir metal ve plastik ambalaj \u015firketidir. \u015eirket boya, kimya ve g\u0131da end\u00fcstrileri i\u00e7in pek \u00e7ok \u00fcr\u00fcn envanterine sahiptir. %\" \/>\n<meta property=\"og:url\" content=\"https:\/\/eminis.com.tr\/en\/history\/\" \/>\n<meta property=\"og:site_name\" content=\"Plastik Kova, Metal Kova, Metal Pail Manufacturer, Plastic Industrial Bucket Manufacturer, metal packaging manufacturer in Europe,plastik ambalaj \u00fcreticileri\" \/>\n<meta property=\"article:publisher\" content=\"https:\/\/www.facebook.com\/EminisAmbalaj\/\" \/>\n<meta property=\"article:modified_time\" content=\"2023-08-28T11:34:51+00:00\" \/>\n<meta property=\"og:image\" content=\"https:\/\/eminis.com.tr\/wp-content\/uploads\/2022\/08\/eminis-logo-eski-150x150.png\" \/>\n<meta name=\"twitter:card\" content=\"summary_large_image\" \/>\n<meta name=\"twitter:label1\" content=\"Est. reading time\" \/>\n\t<meta name=\"twitter:data1\" content=\"1 minute\" \/>\n<script type=\"application\/ld+json\" class=\"yoast-schema-graph\">{\"@context\":\"https:\\\/\\\/schema.org\",\"@graph\":[{\"@type\":\"WebPage\",\"@id\":\"https:\\\/\\\/eminis.com.tr\\\/en\\\/history\\\/\",\"url\":\"https:\\\/\\\/eminis.com.tr\\\/en\\\/history\\\/\",\"name\":\"History - Plastik Kova, Metal Kova, Metal Pail Manufacturer, Plastic Industrial Bucket Manufacturer, metal packaging manufacturer in Europe,plastik ambalaj \u00fcreticileri\",\"isPartOf\":{\"@id\":\"https:\\\/\\\/eminis.com.tr\\\/en\\\/#website\"},\"primaryImageOfPage\":{\"@id\":\"https:\\\/\\\/eminis.com.tr\\\/en\\\/history\\\/#primaryimage\"},\"image\":{\"@id\":\"https:\\\/\\\/eminis.com.tr\\\/en\\\/history\\\/#primaryimage\"},\"thumbnailUrl\":\"https:\\\/\\\/eminis.com.tr\\\/wp-content\\\/uploads\\\/2022\\\/08\\\/eminis-logo-eski-150x150.png\",\"datePublished\":\"2022-12-30T05:04:11+00:00\",\"dateModified\":\"2023-08-28T11:34:51+00:00\",\"description\":\"Emini\u015f Ambalaj, T\u00fcrkiye merkezli 1970'den beri hizmet veren bir metal ve plastik ambalaj \u015firketidir. \u015eirket boya, kimya ve g\u0131da end\u00fcstrileri i\u00e7in pek \u00e7ok \u00fcr\u00fcn envanterine sahiptir. %\",\"breadcrumb\":{\"@id\":\"https:\\\/\\\/eminis.com.tr\\\/en\\\/history\\\/#breadcrumb\"},\"inLanguage\":\"en-US\",\"potentialAction\":[{\"@type\":\"ReadAction\",\"target\":[\"https:\\\/\\\/eminis.com.tr\\\/en\\\/history\\\/\"]}]},{\"@type\":\"ImageObject\",\"inLanguage\":\"en-US\",\"@id\":\"https:\\\/\\\/eminis.com.tr\\\/en\\\/history\\\/#primaryimage\",\"url\":\"https:\\\/\\\/eminis.com.tr\\\/wp-content\\\/uploads\\\/2022\\\/08\\\/eminis-logo-eski-150x150.png\",\"contentUrl\":\"https:\\\/\\\/eminis.com.tr\\\/wp-content\\\/uploads\\\/2022\\\/08\\\/eminis-logo-eski-150x150.png\"},{\"@type\":\"BreadcrumbList\",\"@id\":\"https:\\\/\\\/eminis.com.tr\\\/en\\\/history\\\/#breadcrumb\",\"itemListElement\":[{\"@type\":\"ListItem\",\"position\":1,\"name\":\"Anasayfa\",\"item\":\"https:\\\/\\\/eminis.com.tr\\\/en\\\/\"},{\"@type\":\"ListItem\",\"position\":2,\"name\":\"History\"}]},{\"@type\":\"WebSite\",\"@id\":\"https:\\\/\\\/eminis.com.tr\\\/en\\\/#website\",\"url\":\"https:\\\/\\\/eminis.com.tr\\\/en\\\/\",\"name\":\"Plastik Kova, Metal Kova, Metal Pail Manufacturer, Plastic Industrial Bucket Manufacturer, metal packaging manufacturer in Europe,plastik ambalaj \u00fcreticileri\",\"description\":\"Emini\u015f Ambalaj - 1970&#039;den beri Ambalaj\u0131n\u0131z Emin Ellerde\",\"publisher\":{\"@id\":\"https:\\\/\\\/eminis.com.tr\\\/en\\\/#organization\"},\"potentialAction\":[{\"@type\":\"SearchAction\",\"target\":{\"@type\":\"EntryPoint\",\"urlTemplate\":\"https:\\\/\\\/eminis.com.tr\\\/en\\\/?s={search_term_string}\"},\"query-input\":{\"@type\":\"PropertyValueSpecification\",\"valueRequired\":true,\"valueName\":\"search_term_string\"}}],\"inLanguage\":\"en-US\"},{\"@type\":\"Organization\",\"@id\":\"https:\\\/\\\/eminis.com.tr\\\/en\\\/#organization\",\"name\":\"EM\u0130N\u0130\u015e AMBALAJ SAN. ve T\u0130C. A.\u015e.\",\"url\":\"https:\\\/\\\/eminis.com.tr\\\/en\\\/\",\"logo\":{\"@type\":\"ImageObject\",\"inLanguage\":\"en-US\",\"@id\":\"https:\\\/\\\/eminis.com.tr\\\/en\\\/#\\\/schema\\\/logo\\\/image\\\/\",\"url\":\"https:\\\/\\\/eminis.com.tr\\\/wp-content\\\/uploads\\\/2022\\\/04\\\/Logo.png\",\"contentUrl\":\"https:\\\/\\\/eminis.com.tr\\\/wp-content\\\/uploads\\\/2022\\\/04\\\/Logo.png\",\"width\":250,\"height\":75,\"caption\":\"EM\u0130N\u0130\u015e AMBALAJ SAN. ve T\u0130C. A.\u015e.\"},\"image\":{\"@id\":\"https:\\\/\\\/eminis.com.tr\\\/en\\\/#\\\/schema\\\/logo\\\/image\\\/\"},\"sameAs\":[\"https:\\\/\\\/www.facebook.com\\\/EminisAmbalaj\\\/\",\"https:\\\/\\\/www.instagram.com\\\/eminisambalaj\\\/\",\"https:\\\/\\\/tr.linkedin.com\\\/company\\\/eminis\"]}]}<\/script>\n<!-- \/ Yoast SEO plugin. -->","yoast_head_json":{"title":"History - Plastik Kova, Metal Kova, Metal Pail Manufacturer, Plastic Industrial Bucket Manufacturer, metal packaging manufacturer in Europe,plastik ambalaj \u00fcreticileri","description":"Emini\u015f Ambalaj, T\u00fcrkiye merkezli 1970'den beri hizmet veren bir metal ve plastik ambalaj \u015firketidir. \u015eirket boya, kimya ve g\u0131da end\u00fcstrileri i\u00e7in pek \u00e7ok \u00fcr\u00fcn envanterine sahiptir. %","robots":{"index":"index","follow":"follow","max-snippet":"max-snippet:-1","max-image-preview":"max-image-preview:large","max-video-preview":"max-video-preview:-1"},"canonical":"https:\/\/eminis.com.tr\/en\/history\/","og_locale":"en_US","og_type":"article","og_title":"History - Plastik Kova, Metal Kova, Metal Pail Manufacturer, Plastic Industrial Bucket Manufacturer, metal packaging manufacturer in Europe,plastik ambalaj \u00fcreticileri","og_description":"Emini\u015f Ambalaj, T\u00fcrkiye merkezli 1970'den beri hizmet veren bir metal ve plastik ambalaj \u015firketidir. \u015eirket boya, kimya ve g\u0131da end\u00fcstrileri i\u00e7in pek \u00e7ok \u00fcr\u00fcn envanterine sahiptir. %","og_url":"https:\/\/eminis.com.tr\/en\/history\/","og_site_name":"Plastik Kova, Metal Kova, Metal Pail Manufacturer, Plastic Industrial Bucket Manufacturer, metal packaging manufacturer in Europe,plastik ambalaj \u00fcreticileri","article_publisher":"https:\/\/www.facebook.com\/EminisAmbalaj\/","article_modified_time":"2023-08-28T11:34:51+00:00","og_image":[{"url":"https:\/\/eminis.com.tr\/wp-content\/uploads\/2022\/08\/eminis-logo-eski-150x150.png","type":"","width":"","height":""}],"twitter_card":"summary_large_image","twitter_misc":{"Est. reading time":"1 minute"},"schema":{"@context":"https:\/\/schema.org","@graph":[{"@type":"WebPage","@id":"https:\/\/eminis.com.tr\/en\/history\/","url":"https:\/\/eminis.com.tr\/en\/history\/","name":"History - Plastik Kova, Metal Kova, Metal Pail Manufacturer, Plastic Industrial Bucket Manufacturer, metal packaging manufacturer in Europe,plastik ambalaj \u00fcreticileri","isPartOf":{"@id":"https:\/\/eminis.com.tr\/en\/#website"},"primaryImageOfPage":{"@id":"https:\/\/eminis.com.tr\/en\/history\/#primaryimage"},"image":{"@id":"https:\/\/eminis.com.tr\/en\/history\/#primaryimage"},"thumbnailUrl":"https:\/\/eminis.com.tr\/wp-content\/uploads\/2022\/08\/eminis-logo-eski-150x150.png","datePublished":"2022-12-30T05:04:11+00:00","dateModified":"2023-08-28T11:34:51+00:00","description":"Emini\u015f Ambalaj, T\u00fcrkiye merkezli 1970'den beri hizmet veren bir metal ve plastik ambalaj \u015firketidir. \u015eirket boya, kimya ve g\u0131da end\u00fcstrileri i\u00e7in pek \u00e7ok \u00fcr\u00fcn envanterine sahiptir. %","breadcrumb":{"@id":"https:\/\/eminis.com.tr\/en\/history\/#breadcrumb"},"inLanguage":"en-US","potentialAction":[{"@type":"ReadAction","target":["https:\/\/eminis.com.tr\/en\/history\/"]}]},{"@type":"ImageObject","inLanguage":"en-US","@id":"https:\/\/eminis.com.tr\/en\/history\/#primaryimage","url":"https:\/\/eminis.com.tr\/wp-content\/uploads\/2022\/08\/eminis-logo-eski-150x150.png","contentUrl":"https:\/\/eminis.com.tr\/wp-content\/uploads\/2022\/08\/eminis-logo-eski-150x150.png"},{"@type":"BreadcrumbList","@id":"https:\/\/eminis.com.tr\/en\/history\/#breadcrumb","itemListElement":[{"@type":"ListItem","position":1,"name":"Anasayfa","item":"https:\/\/eminis.com.tr\/en\/"},{"@type":"ListItem","position":2,"name":"History"}]},{"@type":"WebSite","@id":"https:\/\/eminis.com.tr\/en\/#website","url":"https:\/\/eminis.com.tr\/en\/","name":"Plastik Kova, Metal Kova, Metal Pail Manufacturer, Plastic Industrial Bucket Manufacturer, metal packaging manufacturer in Europe,plastik ambalaj \u00fcreticileri","description":"Emini\u015f Ambalaj - 1970&#039;den beri Ambalaj\u0131n\u0131z Emin Ellerde","publisher":{"@id":"https:\/\/eminis.com.tr\/en\/#organization"},"potentialAction":[{"@type":"SearchAction","target":{"@type":"EntryPoint","urlTemplate":"https:\/\/eminis.com.tr\/en\/?s={search_term_string}"},"query-input":{"@type":"PropertyValueSpecification","valueRequired":true,"valueName":"search_term_string"}}],"inLanguage":"en-US"},{"@type":"Organization","@id":"https:\/\/eminis.com.tr\/en\/#organization","name":"EM\u0130N\u0130\u015e AMBALAJ SAN. ve T\u0130C. A.\u015e.","url":"https:\/\/eminis.com.tr\/en\/","logo":{"@type":"ImageObject","inLanguage":"en-US","@id":"https:\/\/eminis.com.tr\/en\/#\/schema\/logo\/image\/","url":"https:\/\/eminis.com.tr\/wp-content\/uploads\/2022\/04\/Logo.png","contentUrl":"https:\/\/eminis.com.tr\/wp-content\/uploads\/2022\/04\/Logo.png","width":250,"height":75,"caption":"EM\u0130N\u0130\u015e AMBALAJ SAN. ve T\u0130C. A.\u015e."},"image":{"@id":"https:\/\/eminis.com.tr\/en\/#\/schema\/logo\/image\/"},"sameAs":["https:\/\/www.facebook.com\/EminisAmbalaj\/","https:\/\/www.instagram.com\/eminisambalaj\/","https:\/\/tr.linkedin.com\/company\/eminis"]}]}},"_links":{"self":[{"href":"https:\/\/eminis.com.tr\/en\/wp-json\/wp\/v2\/pages\/2236","targetHints":{"allow":["GET"]}}],"collection":[{"href":"https:\/\/eminis.com.tr\/en\/wp-json\/wp\/v2\/pages"}],"about":[{"href":"https:\/\/eminis.com.tr\/en\/wp-json\/wp\/v2\/types\/page"}],"author":[{"embeddable":true,"href":"https:\/\/eminis.com.tr\/en\/wp-json\/wp\/v2\/users\/1"}],"replies":[{"embeddable":true,"href":"https:\/\/eminis.com.tr\/en\/wp-json\/wp\/v2\/comments?post=2236"}],"version-history":[{"count":3,"href":"https:\/\/eminis.com.tr\/en\/wp-json\/wp\/v2\/pages\/2236\/revisions"}],"predecessor-version":[{"id":2715,"href":"https:\/\/eminis.com.tr\/en\/wp-json\/wp\/v2\/pages\/2236\/revisions\/2715"}],"wp:attachment":[{"href":"https:\/\/eminis.com.tr\/en\/wp-json\/wp\/v2\/media?parent=2236"}],"curies":[{"name":"wp","href":"https:\/\/api.w.org\/{rel}","templated":true}]}}