{"id":2153,"date":"2022-10-17T23:27:41","date_gmt":"2022-10-17T20:27:41","guid":{"rendered":"https:\/\/eminis.com.tr\/board-of-directors\/"},"modified":"2025-09-23T17:50:33","modified_gmt":"2025-09-23T14:50:33","slug":"board-of-directors","status":"publish","type":"page","link":"https:\/\/eminis.com.tr\/en\/board-of-directors\/","title":{"rendered":"Board of Directors"},"content":{"rendered":"\t\t<div data-elementor-type=\"wp-page\" data-elementor-id=\"2153\" class=\"elementor elementor-2153 elementor-2140\">\n\t\t\t\t\t\t<section class=\"elementor-section elementor-top-section elementor-element elementor-element-d238358 elementor-section-boxed elementor-section-height-default elementor-section-height-default\" data-id=\"d238358\" data-element_type=\"section\" data-e-type=\"section\">\n\t\t\t\t\t\t<div class=\"elementor-container elementor-column-gap-default\">\n\t\t\t\t\t<div class=\"elementor-column elementor-col-100 elementor-top-column elementor-element elementor-element-e2b6341\" data-id=\"e2b6341\" data-element_type=\"column\" data-e-type=\"column\">\n\t\t\t<div class=\"elementor-widget-wrap elementor-element-populated\">\n\t\t\t\t\t\t<div class=\"elementor-element elementor-element-7c5cbdc elementor-widget elementor-widget-heading\" data-id=\"7c5cbdc\" data-element_type=\"widget\" data-e-type=\"widget\" data-widget_type=\"heading.default\">\n\t\t\t\t<div class=\"elementor-widget-container\">\n\t\t\t\t\t<h2 class='heading-left  divider-modern'  style=\"color:#80C876\"><span><em class=\"heading-subtitle\" style='color: #007DC3'>Emini\u015f Ambalaj<\/em>Board Members<\/span><\/h2>\t\t\t\t<\/div>\n\t\t\t\t<\/div>\n\t\t\t\t<div class=\"elementor-element elementor-element-51eb34e elementor-widget elementor-widget-list\" data-id=\"51eb34e\" data-element_type=\"widget\" data-e-type=\"widget\" data-widget_type=\"list.default\">\n\t\t\t\t<div class=\"elementor-widget-container\">\n\t\t\t\t\t<ul class='list list-triangle'><li style='display: flex;'><p><span style=\"font-size: 14px;\"><strong>Ahmet Ferit UZUNYOL<\/strong><\/span> - CHAIRMAN OF THE BOARD &amp; CEO<\/p><\/li><\/ul><ul class='list list-triangle'><li style='display: flex;'><p><strong>Hatice F\u00fcsun UZUNYOL KUTLU<\/strong> - VICE CHAIRMAN OF THE BOARD<\/p><\/li><\/ul><ul class='list list-triangle'><li style='display: flex;'><p><strong>Berna UZUNYOL<\/strong> - BOARD MEMBER<\/p><\/li><\/ul><ul class='list list-triangle'><li style='display: flex;'><p><span style=\"font-size: 14px;\"><strong>Ali Cem KOCABALI<\/strong> - INDEPENDENT BOARD MEMBER<\/span><\/p><\/li><\/ul><ul class='list list-triangle'><li style='display: flex;'><p><span style=\"font-size: 14px;\"><strong>Ebru EKEN<\/strong> - INDEPENDENT BOARD MEMBER<\/span><\/p><\/li><\/ul>\t\t\t\t<\/div>\n\t\t\t\t<\/div>\n\t\t\t\t\t<\/div>\n\t\t<\/div>\n\t\t\t\t\t<\/div>\n\t\t<\/section>\n\t\t\t\t<section class=\"elementor-section elementor-top-section elementor-element elementor-element-a4b9f5d elementor-section-boxed elementor-section-height-default elementor-section-height-default\" data-id=\"a4b9f5d\" data-element_type=\"section\" data-e-type=\"section\">\n\t\t\t\t\t\t<div class=\"elementor-container elementor-column-gap-default\">\n\t\t\t\t\t<div class=\"elementor-column elementor-col-100 elementor-top-column elementor-element elementor-element-cfccde6\" data-id=\"cfccde6\" data-element_type=\"column\" data-e-type=\"column\">\n\t\t\t<div class=\"elementor-widget-wrap elementor-element-populated\">\n\t\t\t\t\t\t<div class=\"elementor-element elementor-element-5067e25 elementor-widget elementor-widget-heading\" data-id=\"5067e25\" data-element_type=\"widget\" data-e-type=\"widget\" data-widget_type=\"heading.default\">\n\t\t\t\t<div class=\"elementor-widget-container\">\n\t\t\t\t\t<h2 class='heading-left  divider-modern'  style=\"color:#80C876\"><span><em class=\"heading-subtitle\" style='color: #007DC3'>BOARD OF DIRECTORS<\/em>R\u00e9sum\u00e9s<\/span><\/h2>\t\t\t\t<\/div>\n\t\t\t\t<\/div>\n\t\t\t\t<div class=\"elementor-element elementor-element-f0406d5 elementor-widget elementor-widget-heading\" data-id=\"f0406d5\" data-element_type=\"widget\" data-e-type=\"widget\" data-widget_type=\"heading.default\">\n\t\t\t\t<div class=\"elementor-widget-container\">\n\t\t\t\t\t<h2 class='heading-left  divider-sm'  style=\"color:#80C876\"><span>Ahmet Ferit UZUNYOL<em class=\"heading-subtitle\" style='color: #007DC3'>Chairman of the Board & CEO<\/em><\/span><\/h2>\t\t\t\t<\/div>\n\t\t\t\t<\/div>\n\t\t\t\t<div class=\"elementor-element elementor-element-09a9a3a elementor-widget elementor-widget-text-editor\" data-id=\"09a9a3a\" data-element_type=\"widget\" data-e-type=\"widget\" data-widget_type=\"text-editor.default\">\n\t\t\t\t<div class=\"elementor-widget-container\">\n\t\t\t\t\t\t\t\t\t<p>Born in 1989, Ahmet Ferit Uzunyol completed his high school education at Saint Beno\u00eet High School and earned his degree in International Finance and Marketing from the University of Miami.<\/p><p>After serving in various departments at Emini\u015f Ambalaj, he currently serves as Chairman of the Board and CEO, overseeing the company\u2019s strategic management. Under his leadership, the company focuses on customer satisfaction, sustainability, digitalization, export growth, and quality.<\/p><p>Active in academia and civil society, Uzunyol serves on the Advisory Council of Kocaeli University Hereke \u00d6mer \u0130smet Uzunyol Vocational School, as well as on the Advisory Councils of AIESEC Turkey and Istanbul Chamber of Industry Foundation, and is a member of TURMEPA.<\/p><p>Married with two children, Uzunyol is fluent in English\u00a0and\u00a0French.<\/p>\t\t\t\t\t\t\t\t<\/div>\n\t\t\t\t<\/div>\n\t\t\t\t<div class=\"elementor-element elementor-element-d8a4aad elementor-widget elementor-widget-heading\" data-id=\"d8a4aad\" data-element_type=\"widget\" data-e-type=\"widget\" data-widget_type=\"heading.default\">\n\t\t\t\t<div class=\"elementor-widget-container\">\n\t\t\t\t\t<h2 class='heading-left  divider-sm'  style=\"color:#80C876\"><span>Hatice F\u00fcsun UZUNYOL KUTLU<em class=\"heading-subtitle\" style='color: #007DC3'>VICE CHAIRMAN OF THE BOARD<\/em><\/span><\/h2>\t\t\t\t<\/div>\n\t\t\t\t<\/div>\n\t\t\t\t<div class=\"elementor-element elementor-element-1aaacbb elementor-widget elementor-widget-text-editor\" data-id=\"1aaacbb\" data-element_type=\"widget\" data-e-type=\"widget\" data-widget_type=\"text-editor.default\">\n\t\t\t\t<div class=\"elementor-widget-container\">\n\t\t\t\t\t\t\t\t\t<p>She was born in 1955.<\/p><p>After her secondary education, she completed some of her high school education in England and her university education in Atat\u00fcrk Education English Department.<\/p><p>He started working at Marshall Paint A.\u015e. at the age of 18.<\/p><p>After her retirement, she worked in the Antika company she founded in Istanbul for more than 20 years.<\/p><p>She has been involved in many social responsibility projects throughout her working life. Bosnia and Herzegovina solidarity associations took part in Be\u015fikta\u015f Kemalism panels together with T\u00fcrkan Saylan.<\/p><p>She is married and has a good command of English.<\/p>\t\t\t\t\t\t\t\t<\/div>\n\t\t\t\t<\/div>\n\t\t\t\t<div class=\"elementor-element elementor-element-891f39e elementor-widget elementor-widget-heading\" data-id=\"891f39e\" data-element_type=\"widget\" data-e-type=\"widget\" data-widget_type=\"heading.default\">\n\t\t\t\t<div class=\"elementor-widget-container\">\n\t\t\t\t\t<h2 class='heading-left  divider-sm'  style=\"color:#80C876\"><span>Berna UZUNYOL<em class=\"heading-subtitle\" style='color: #007DC3'>Board Member<\/em><\/span><\/h2>\t\t\t\t<\/div>\n\t\t\t\t<\/div>\n\t\t\t\t<div class=\"elementor-element elementor-element-0668fd8 elementor-widget elementor-widget-text-editor\" data-id=\"0668fd8\" data-element_type=\"widget\" data-e-type=\"widget\" data-widget_type=\"text-editor.default\">\n\t\t\t\t<div class=\"elementor-widget-container\">\n\t\t\t\t\t\t\t\t\t<p>She was born in 1967 in Istanbul.<\/p><p>After graduating from Fevziye Schools Foundation I\u015f\u0131k High School in 1984, she graduated from Marmara English Economics Department with a degree in 1988. Between 1999 and 2012, she managed her own store in the field of furniture decoration.<\/p><p>She still runs the Havandan \u0130stanbul restaurant.<br>She is fluent in English. She is married to Mustafa Feridun Uzunyol and has 2 children and two grandchildren.<\/p>\t\t\t\t\t\t\t\t<\/div>\n\t\t\t\t<\/div>\n\t\t\t\t\t<\/div>\n\t\t<\/div>\n\t\t\t\t\t<\/div>\n\t\t<\/section>\n\t\t\t\t<\/div>\n\t\t","protected":false},"excerpt":{"rendered":"<p>Emini\u015f AmbalajBoard Members Ahmet Ferit UZUNYOL &#8211; CHAIRMAN OF THE BOARD &amp; CEO Hatice F\u00fcsun UZUNYOL KUTLU &#8211; VICE CHAIRMAN OF THE BOARD Berna UZUNYOL &#8211; BOARD MEMBER Ali Cem KOCABALI &#8211; INDEPENDENT BOARD MEMBER Ebru EKEN &#8211; INDEPENDENT BOARD &hellip;<\/p>\n","protected":false},"author":1,"featured_media":0,"parent":0,"menu_order":0,"comment_status":"closed","ping_status":"closed","template":"","meta":{"footnotes":""},"class_list":["post-2153","page","type-page","status-publish","hentry"],"yoast_head":"<!-- This site is optimized with the Yoast SEO plugin v27.5 - https:\/\/yoast.com\/product\/yoast-seo-wordpress\/ -->\n<title>Board of Directors - Plastik Kova, Metal Kova, Metal Pail Manufacturer, Plastic Industrial Bucket Manufacturer, metal packaging manufacturer in Europe,plastik ambalaj \u00fcreticileri<\/title>\n<meta name=\"description\" content=\"Emini\u015f Ambalaj, T\u00fcrkiye merkezli 1970&#039;den beri hizmet veren bir metal ve plastik ambalaj \u015firketidir. \u015eirket boya, kimya ve g\u0131da end\u00fcstrileri i\u00e7in pek \u00e7ok \u00fcr\u00fcn envanterine sahiptir. %\" \/>\n<meta name=\"robots\" content=\"index, follow, max-snippet:-1, max-image-preview:large, max-video-preview:-1\" \/>\n<link rel=\"canonical\" href=\"https:\/\/eminis.com.tr\/en\/board-of-directors\/\" \/>\n<meta property=\"og:locale\" content=\"en_US\" \/>\n<meta property=\"og:type\" content=\"article\" \/>\n<meta property=\"og:title\" content=\"Board of Directors - Plastik Kova, Metal Kova, Metal Pail Manufacturer, Plastic Industrial Bucket Manufacturer, metal packaging manufacturer in Europe,plastik ambalaj \u00fcreticileri\" \/>\n<meta property=\"og:description\" content=\"Emini\u015f Ambalaj, T\u00fcrkiye merkezli 1970&#039;den beri hizmet veren bir metal ve plastik ambalaj \u015firketidir. \u015eirket boya, kimya ve g\u0131da end\u00fcstrileri i\u00e7in pek \u00e7ok \u00fcr\u00fcn envanterine sahiptir. %\" \/>\n<meta property=\"og:url\" content=\"https:\/\/eminis.com.tr\/en\/board-of-directors\/\" \/>\n<meta property=\"og:site_name\" content=\"Plastik Kova, Metal Kova, Metal Pail Manufacturer, Plastic Industrial Bucket Manufacturer, metal packaging manufacturer in Europe,plastik ambalaj \u00fcreticileri\" \/>\n<meta property=\"article:publisher\" content=\"https:\/\/www.facebook.com\/EminisAmbalaj\/\" \/>\n<meta property=\"article:modified_time\" content=\"2025-09-23T14:50:33+00:00\" \/>\n<meta name=\"twitter:card\" content=\"summary_large_image\" \/>\n<meta name=\"twitter:label1\" content=\"Est. reading time\" \/>\n\t<meta name=\"twitter:data1\" content=\"2 minutes\" \/>\n<script type=\"application\/ld+json\" class=\"yoast-schema-graph\">{\"@context\":\"https:\\\/\\\/schema.org\",\"@graph\":[{\"@type\":\"WebPage\",\"@id\":\"https:\\\/\\\/eminis.com.tr\\\/en\\\/board-of-directors\\\/\",\"url\":\"https:\\\/\\\/eminis.com.tr\\\/en\\\/board-of-directors\\\/\",\"name\":\"Board of Directors - Plastik Kova, Metal Kova, Metal Pail Manufacturer, Plastic Industrial Bucket Manufacturer, metal packaging manufacturer in Europe,plastik ambalaj \u00fcreticileri\",\"isPartOf\":{\"@id\":\"https:\\\/\\\/eminis.com.tr\\\/en\\\/#website\"},\"datePublished\":\"2022-10-17T20:27:41+00:00\",\"dateModified\":\"2025-09-23T14:50:33+00:00\",\"description\":\"Emini\u015f Ambalaj, T\u00fcrkiye merkezli 1970'den beri hizmet veren bir metal ve plastik ambalaj \u015firketidir. \u015eirket boya, kimya ve g\u0131da end\u00fcstrileri i\u00e7in pek \u00e7ok \u00fcr\u00fcn envanterine sahiptir. %\",\"breadcrumb\":{\"@id\":\"https:\\\/\\\/eminis.com.tr\\\/en\\\/board-of-directors\\\/#breadcrumb\"},\"inLanguage\":\"en-US\",\"potentialAction\":[{\"@type\":\"ReadAction\",\"target\":[\"https:\\\/\\\/eminis.com.tr\\\/en\\\/board-of-directors\\\/\"]}]},{\"@type\":\"BreadcrumbList\",\"@id\":\"https:\\\/\\\/eminis.com.tr\\\/en\\\/board-of-directors\\\/#breadcrumb\",\"itemListElement\":[{\"@type\":\"ListItem\",\"position\":1,\"name\":\"Anasayfa\",\"item\":\"https:\\\/\\\/eminis.com.tr\\\/en\\\/\"},{\"@type\":\"ListItem\",\"position\":2,\"name\":\"Board of Directors\"}]},{\"@type\":\"WebSite\",\"@id\":\"https:\\\/\\\/eminis.com.tr\\\/en\\\/#website\",\"url\":\"https:\\\/\\\/eminis.com.tr\\\/en\\\/\",\"name\":\"Plastik Kova, Metal Kova, Metal Pail Manufacturer, Plastic Industrial Bucket Manufacturer, metal packaging manufacturer in Europe,plastik ambalaj \u00fcreticileri\",\"description\":\"Emini\u015f Ambalaj - 1970&#039;den beri Ambalaj\u0131n\u0131z Emin Ellerde\",\"publisher\":{\"@id\":\"https:\\\/\\\/eminis.com.tr\\\/en\\\/#organization\"},\"potentialAction\":[{\"@type\":\"SearchAction\",\"target\":{\"@type\":\"EntryPoint\",\"urlTemplate\":\"https:\\\/\\\/eminis.com.tr\\\/en\\\/?s={search_term_string}\"},\"query-input\":{\"@type\":\"PropertyValueSpecification\",\"valueRequired\":true,\"valueName\":\"search_term_string\"}}],\"inLanguage\":\"en-US\"},{\"@type\":\"Organization\",\"@id\":\"https:\\\/\\\/eminis.com.tr\\\/en\\\/#organization\",\"name\":\"EM\u0130N\u0130\u015e AMBALAJ SAN. ve T\u0130C. A.\u015e.\",\"url\":\"https:\\\/\\\/eminis.com.tr\\\/en\\\/\",\"logo\":{\"@type\":\"ImageObject\",\"inLanguage\":\"en-US\",\"@id\":\"https:\\\/\\\/eminis.com.tr\\\/en\\\/#\\\/schema\\\/logo\\\/image\\\/\",\"url\":\"https:\\\/\\\/eminis.com.tr\\\/wp-content\\\/uploads\\\/2022\\\/04\\\/Logo.png\",\"contentUrl\":\"https:\\\/\\\/eminis.com.tr\\\/wp-content\\\/uploads\\\/2022\\\/04\\\/Logo.png\",\"width\":250,\"height\":75,\"caption\":\"EM\u0130N\u0130\u015e AMBALAJ SAN. ve T\u0130C. A.\u015e.\"},\"image\":{\"@id\":\"https:\\\/\\\/eminis.com.tr\\\/en\\\/#\\\/schema\\\/logo\\\/image\\\/\"},\"sameAs\":[\"https:\\\/\\\/www.facebook.com\\\/EminisAmbalaj\\\/\",\"https:\\\/\\\/www.instagram.com\\\/eminisambalaj\\\/\",\"https:\\\/\\\/tr.linkedin.com\\\/company\\\/eminis\"]}]}<\/script>\n<!-- \/ Yoast SEO plugin. -->","yoast_head_json":{"title":"Board of Directors - Plastik Kova, Metal Kova, Metal Pail Manufacturer, Plastic Industrial Bucket Manufacturer, metal packaging manufacturer in Europe,plastik ambalaj \u00fcreticileri","description":"Emini\u015f Ambalaj, T\u00fcrkiye merkezli 1970'den beri hizmet veren bir metal ve plastik ambalaj \u015firketidir. \u015eirket boya, kimya ve g\u0131da end\u00fcstrileri i\u00e7in pek \u00e7ok \u00fcr\u00fcn envanterine sahiptir. %","robots":{"index":"index","follow":"follow","max-snippet":"max-snippet:-1","max-image-preview":"max-image-preview:large","max-video-preview":"max-video-preview:-1"},"canonical":"https:\/\/eminis.com.tr\/en\/board-of-directors\/","og_locale":"en_US","og_type":"article","og_title":"Board of Directors - Plastik Kova, Metal Kova, Metal Pail Manufacturer, Plastic Industrial Bucket Manufacturer, metal packaging manufacturer in Europe,plastik ambalaj \u00fcreticileri","og_description":"Emini\u015f Ambalaj, T\u00fcrkiye merkezli 1970'den beri hizmet veren bir metal ve plastik ambalaj \u015firketidir. \u015eirket boya, kimya ve g\u0131da end\u00fcstrileri i\u00e7in pek \u00e7ok \u00fcr\u00fcn envanterine sahiptir. %","og_url":"https:\/\/eminis.com.tr\/en\/board-of-directors\/","og_site_name":"Plastik Kova, Metal Kova, Metal Pail Manufacturer, Plastic Industrial Bucket Manufacturer, metal packaging manufacturer in Europe,plastik ambalaj \u00fcreticileri","article_publisher":"https:\/\/www.facebook.com\/EminisAmbalaj\/","article_modified_time":"2025-09-23T14:50:33+00:00","twitter_card":"summary_large_image","twitter_misc":{"Est. reading time":"2 minutes"},"schema":{"@context":"https:\/\/schema.org","@graph":[{"@type":"WebPage","@id":"https:\/\/eminis.com.tr\/en\/board-of-directors\/","url":"https:\/\/eminis.com.tr\/en\/board-of-directors\/","name":"Board of Directors - Plastik Kova, Metal Kova, Metal Pail Manufacturer, Plastic Industrial Bucket Manufacturer, metal packaging manufacturer in Europe,plastik ambalaj \u00fcreticileri","isPartOf":{"@id":"https:\/\/eminis.com.tr\/en\/#website"},"datePublished":"2022-10-17T20:27:41+00:00","dateModified":"2025-09-23T14:50:33+00:00","description":"Emini\u015f Ambalaj, T\u00fcrkiye merkezli 1970'den beri hizmet veren bir metal ve plastik ambalaj \u015firketidir. \u015eirket boya, kimya ve g\u0131da end\u00fcstrileri i\u00e7in pek \u00e7ok \u00fcr\u00fcn envanterine sahiptir. %","breadcrumb":{"@id":"https:\/\/eminis.com.tr\/en\/board-of-directors\/#breadcrumb"},"inLanguage":"en-US","potentialAction":[{"@type":"ReadAction","target":["https:\/\/eminis.com.tr\/en\/board-of-directors\/"]}]},{"@type":"BreadcrumbList","@id":"https:\/\/eminis.com.tr\/en\/board-of-directors\/#breadcrumb","itemListElement":[{"@type":"ListItem","position":1,"name":"Anasayfa","item":"https:\/\/eminis.com.tr\/en\/"},{"@type":"ListItem","position":2,"name":"Board of Directors"}]},{"@type":"WebSite","@id":"https:\/\/eminis.com.tr\/en\/#website","url":"https:\/\/eminis.com.tr\/en\/","name":"Plastik Kova, Metal Kova, Metal Pail Manufacturer, Plastic Industrial Bucket Manufacturer, metal packaging manufacturer in Europe,plastik ambalaj \u00fcreticileri","description":"Emini\u015f Ambalaj - 1970&#039;den beri Ambalaj\u0131n\u0131z Emin Ellerde","publisher":{"@id":"https:\/\/eminis.com.tr\/en\/#organization"},"potentialAction":[{"@type":"SearchAction","target":{"@type":"EntryPoint","urlTemplate":"https:\/\/eminis.com.tr\/en\/?s={search_term_string}"},"query-input":{"@type":"PropertyValueSpecification","valueRequired":true,"valueName":"search_term_string"}}],"inLanguage":"en-US"},{"@type":"Organization","@id":"https:\/\/eminis.com.tr\/en\/#organization","name":"EM\u0130N\u0130\u015e AMBALAJ SAN. ve T\u0130C. A.\u015e.","url":"https:\/\/eminis.com.tr\/en\/","logo":{"@type":"ImageObject","inLanguage":"en-US","@id":"https:\/\/eminis.com.tr\/en\/#\/schema\/logo\/image\/","url":"https:\/\/eminis.com.tr\/wp-content\/uploads\/2022\/04\/Logo.png","contentUrl":"https:\/\/eminis.com.tr\/wp-content\/uploads\/2022\/04\/Logo.png","width":250,"height":75,"caption":"EM\u0130N\u0130\u015e AMBALAJ SAN. ve T\u0130C. A.\u015e."},"image":{"@id":"https:\/\/eminis.com.tr\/en\/#\/schema\/logo\/image\/"},"sameAs":["https:\/\/www.facebook.com\/EminisAmbalaj\/","https:\/\/www.instagram.com\/eminisambalaj\/","https:\/\/tr.linkedin.com\/company\/eminis"]}]}},"_links":{"self":[{"href":"https:\/\/eminis.com.tr\/en\/wp-json\/wp\/v2\/pages\/2153","targetHints":{"allow":["GET"]}}],"collection":[{"href":"https:\/\/eminis.com.tr\/en\/wp-json\/wp\/v2\/pages"}],"about":[{"href":"https:\/\/eminis.com.tr\/en\/wp-json\/wp\/v2\/types\/page"}],"author":[{"embeddable":true,"href":"https:\/\/eminis.com.tr\/en\/wp-json\/wp\/v2\/users\/1"}],"replies":[{"embeddable":true,"href":"https:\/\/eminis.com.tr\/en\/wp-json\/wp\/v2\/comments?post=2153"}],"version-history":[{"count":10,"href":"https:\/\/eminis.com.tr\/en\/wp-json\/wp\/v2\/pages\/2153\/revisions"}],"predecessor-version":[{"id":3043,"href":"https:\/\/eminis.com.tr\/en\/wp-json\/wp\/v2\/pages\/2153\/revisions\/3043"}],"wp:attachment":[{"href":"https:\/\/eminis.com.tr\/en\/wp-json\/wp\/v2\/media?parent=2153"}],"curies":[{"name":"wp","href":"https:\/\/api.w.org\/{rel}","templated":true}]}}