{"id":1751,"date":"2022-06-30T19:04:45","date_gmt":"2022-06-30T16:04:45","guid":{"rendered":"https:\/\/eminis.com.tr\/choose-a-product\/"},"modified":"2022-09-29T21:51:11","modified_gmt":"2022-09-29T18:51:11","slug":"choose-a-product","status":"publish","type":"page","link":"https:\/\/eminis.com.tr\/en\/choose-a-product\/","title":{"rendered":"Choose a product"},"content":{"rendered":"\t\t<div data-elementor-type=\"wp-page\" data-elementor-id=\"1751\" class=\"elementor elementor-1751 elementor-1151\">\n\t\t\t\t\t\t<section class=\"elementor-section elementor-top-section elementor-element elementor-element-aafa628 elementor-section-boxed elementor-section-height-default elementor-section-height-default\" data-id=\"aafa628\" data-element_type=\"section\" data-e-type=\"section\">\n\t\t\t\t\t\t<div class=\"elementor-container elementor-column-gap-default\">\n\t\t\t\t\t<div class=\"elementor-column elementor-col-100 elementor-top-column elementor-element elementor-element-e955e7a\" data-id=\"e955e7a\" data-element_type=\"column\" data-e-type=\"column\">\n\t\t\t<div class=\"elementor-widget-wrap elementor-element-populated\">\n\t\t\t\t\t\t<div class=\"elementor-element elementor-element-54cc3c7 elementor-widget elementor-widget-heading\" data-id=\"54cc3c7\" data-element_type=\"widget\" data-e-type=\"widget\" data-widget_type=\"heading.default\">\n\t\t\t\t<div class=\"elementor-widget-container\">\n\t\t\t\t\t<h2 class='heading-left  divider-modern'  style=\"color:#80C876\"><span><em class=\"heading-subtitle\" style='color: #007DC3'>Eminis Ambalaj<\/em>Discover Products<\/span><\/h2>\t\t\t\t<\/div>\n\t\t\t\t<\/div>\n\t\t\t\t\t<\/div>\n\t\t<\/div>\n\t\t\t\t\t<\/div>\n\t\t<\/section>\n\t\t\t\t<section class=\"elementor-section elementor-top-section elementor-element elementor-element-035e8f3 elementor-section-boxed elementor-section-height-default elementor-section-height-default\" data-id=\"035e8f3\" data-element_type=\"section\" data-e-type=\"section\">\n\t\t\t\t\t\t<div class=\"elementor-container elementor-column-gap-default\">\n\t\t\t\t\t<div class=\"elementor-column elementor-col-50 elementor-top-column elementor-element elementor-element-c36d3e5\" data-id=\"c36d3e5\" data-element_type=\"column\" data-e-type=\"column\">\n\t\t\t<div class=\"elementor-widget-wrap elementor-element-populated\">\n\t\t\t\t\t\t<div class=\"elementor-element elementor-element-eddd7d7 elementor-widget elementor-widget-image\" data-id=\"eddd7d7\" data-element_type=\"widget\" data-e-type=\"widget\" data-widget_type=\"image.default\">\n\t\t\t\t<div class=\"elementor-widget-container\">\n\t\t\t\t\t\t\t\t\t\t\t\t\t\t\t\t<a href=\"https:\/\/eminis.com.tr\/en\/product-category\/plastic\/\">\n\t\t\t\t\t\t\t<img fetchpriority=\"high\" decoding=\"async\" width=\"980\" height=\"980\" src=\"https:\/\/eminis.com.tr\/wp-content\/uploads\/2022\/09\/plasticproductseminis-2-1024x1024.jpg\" class=\"attachment-large size-large wp-image-2080\" alt=\"\" srcset=\"https:\/\/eminis.com.tr\/wp-content\/uploads\/2022\/09\/plasticproductseminis-2-1024x1024.jpg 1024w, https:\/\/eminis.com.tr\/wp-content\/uploads\/2022\/09\/plasticproductseminis-2-300x300.jpg 300w, https:\/\/eminis.com.tr\/wp-content\/uploads\/2022\/09\/plasticproductseminis-2-150x150.jpg 150w, https:\/\/eminis.com.tr\/wp-content\/uploads\/2022\/09\/plasticproductseminis-2-768x768.jpg 768w, https:\/\/eminis.com.tr\/wp-content\/uploads\/2022\/09\/plasticproductseminis-2-350x350.jpg 350w, https:\/\/eminis.com.tr\/wp-content\/uploads\/2022\/09\/plasticproductseminis-2-600x600.jpg 600w, https:\/\/eminis.com.tr\/wp-content\/uploads\/2022\/09\/plasticproductseminis-2-100x100.jpg 100w, https:\/\/eminis.com.tr\/wp-content\/uploads\/2022\/09\/plasticproductseminis-2.jpg 1080w\" sizes=\"(max-width: 980px) 100vw, 980px\" \/>\t\t\t\t\t\t\t\t<\/a>\n\t\t\t\t\t\t\t\t\t\t\t\t\t\t\t<\/div>\n\t\t\t\t<\/div>\n\t\t\t\t<div class=\"elementor-element elementor-element-b8174da elementor-widget elementor-widget-button\" data-id=\"b8174da\" data-element_type=\"widget\" data-e-type=\"widget\" data-widget_type=\"button.default\">\n\t\t\t\t<div class=\"elementor-widget-container\">\n\t\t\t\t\t<a id=button-id-0 target=_self href=https:\/\/eminis.com.tr\/en\/product-category\/plastic\/ class=\"btn btn-normal  btn-lg\" style=><i class='fa fas fa-arrow-right'><\/i> DISCOVER PLASTICS<\/a>\t\t\t\t<\/div>\n\t\t\t\t<\/div>\n\t\t\t\t\t<\/div>\n\t\t<\/div>\n\t\t\t\t<div class=\"elementor-column elementor-col-50 elementor-top-column elementor-element elementor-element-6a5f495\" data-id=\"6a5f495\" data-element_type=\"column\" data-e-type=\"column\">\n\t\t\t<div class=\"elementor-widget-wrap elementor-element-populated\">\n\t\t\t\t\t\t<div class=\"elementor-element elementor-element-8dfb7f4 elementor-widget elementor-widget-image\" data-id=\"8dfb7f4\" data-element_type=\"widget\" data-e-type=\"widget\" data-widget_type=\"image.default\">\n\t\t\t\t<div class=\"elementor-widget-container\">\n\t\t\t\t\t\t\t\t\t\t\t\t\t\t\t\t<a href=\"https:\/\/eminis.com.tr\/en\/product-category\/metal-en\/\">\n\t\t\t\t\t\t\t<img decoding=\"async\" width=\"980\" height=\"980\" src=\"https:\/\/eminis.com.tr\/wp-content\/uploads\/2022\/07\/metalurunsayfasiguncellme1-1024x1024.jpg\" class=\"attachment-large size-large wp-image-1727\" alt=\"\" srcset=\"https:\/\/eminis.com.tr\/wp-content\/uploads\/2022\/07\/metalurunsayfasiguncellme1-1024x1024.jpg 1024w, https:\/\/eminis.com.tr\/wp-content\/uploads\/2022\/07\/metalurunsayfasiguncellme1-300x300.jpg 300w, https:\/\/eminis.com.tr\/wp-content\/uploads\/2022\/07\/metalurunsayfasiguncellme1-150x150.jpg 150w, https:\/\/eminis.com.tr\/wp-content\/uploads\/2022\/07\/metalurunsayfasiguncellme1-768x768.jpg 768w, https:\/\/eminis.com.tr\/wp-content\/uploads\/2022\/07\/metalurunsayfasiguncellme1-350x350.jpg 350w, https:\/\/eminis.com.tr\/wp-content\/uploads\/2022\/07\/metalurunsayfasiguncellme1-600x600.jpg 600w, https:\/\/eminis.com.tr\/wp-content\/uploads\/2022\/07\/metalurunsayfasiguncellme1-100x100.jpg 100w, https:\/\/eminis.com.tr\/wp-content\/uploads\/2022\/07\/metalurunsayfasiguncellme1.jpg 1080w\" sizes=\"(max-width: 980px) 100vw, 980px\" \/>\t\t\t\t\t\t\t\t<\/a>\n\t\t\t\t\t\t\t\t\t\t\t\t\t\t\t<\/div>\n\t\t\t\t<\/div>\n\t\t\t\t<div class=\"elementor-element elementor-element-7948411 elementor-widget elementor-widget-button\" data-id=\"7948411\" data-element_type=\"widget\" data-e-type=\"widget\" data-widget_type=\"button.default\">\n\t\t\t\t<div class=\"elementor-widget-container\">\n\t\t\t\t\t<a id=button-id-0 target=_self href=https:\/\/eminis.com.tr\/en\/product-category\/metal-en\/ class=\"btn btn-normal  btn-lg\" style=><i class='fa fas fa-arrow-right'><\/i> DISCOVER METALS<\/a>\t\t\t\t<\/div>\n\t\t\t\t<\/div>\n\t\t\t\t\t<\/div>\n\t\t<\/div>\n\t\t\t\t\t<\/div>\n\t\t<\/section>\n\t\t\t\t<\/div>\n\t\t","protected":false},"excerpt":{"rendered":"<p>Eminis AmbalajDiscover Products DISCOVER PLASTICS DISCOVER METALS<\/p>\n","protected":false},"author":1,"featured_media":0,"parent":0,"menu_order":0,"comment_status":"closed","ping_status":"closed","template":"","meta":{"footnotes":""},"class_list":["post-1751","page","type-page","status-publish","hentry"],"yoast_head":"<!-- This site is optimized with the Yoast SEO plugin v27.5 - https:\/\/yoast.com\/product\/yoast-seo-wordpress\/ -->\n<title>Choose a product - Plastik Kova, Metal Kova, Metal Pail Manufacturer, Plastic Industrial Bucket Manufacturer, metal packaging manufacturer in Europe,plastik ambalaj \u00fcreticileri<\/title>\n<meta name=\"description\" content=\"Emini\u015f Ambalaj, T\u00fcrkiye merkezli 1970&#039;den beri hizmet veren bir metal ve plastik ambalaj \u015firketidir. \u015eirket boya, kimya ve g\u0131da end\u00fcstrileri i\u00e7in pek \u00e7ok \u00fcr\u00fcn envanterine sahiptir. %\" \/>\n<meta name=\"robots\" content=\"index, follow, max-snippet:-1, max-image-preview:large, max-video-preview:-1\" \/>\n<link rel=\"canonical\" href=\"https:\/\/eminis.com.tr\/en\/choose-a-product\/\" \/>\n<meta property=\"og:locale\" content=\"en_US\" \/>\n<meta property=\"og:type\" content=\"article\" \/>\n<meta property=\"og:title\" content=\"Choose a product - Plastik Kova, Metal Kova, Metal Pail Manufacturer, Plastic Industrial Bucket Manufacturer, metal packaging manufacturer in Europe,plastik ambalaj \u00fcreticileri\" \/>\n<meta property=\"og:description\" content=\"Emini\u015f Ambalaj, T\u00fcrkiye merkezli 1970&#039;den beri hizmet veren bir metal ve plastik ambalaj \u015firketidir. \u015eirket boya, kimya ve g\u0131da end\u00fcstrileri i\u00e7in pek \u00e7ok \u00fcr\u00fcn envanterine sahiptir. %\" \/>\n<meta property=\"og:url\" content=\"https:\/\/eminis.com.tr\/en\/choose-a-product\/\" \/>\n<meta property=\"og:site_name\" content=\"Plastik Kova, Metal Kova, Metal Pail Manufacturer, Plastic Industrial Bucket Manufacturer, metal packaging manufacturer in Europe,plastik ambalaj \u00fcreticileri\" \/>\n<meta property=\"article:publisher\" content=\"https:\/\/www.facebook.com\/EminisAmbalaj\/\" \/>\n<meta property=\"article:modified_time\" content=\"2022-09-29T18:51:11+00:00\" \/>\n<meta property=\"og:image\" content=\"https:\/\/eminis.com.tr\/wp-content\/uploads\/2022\/09\/plasticproductseminis-2-1024x1024.jpg\" \/>\n<meta name=\"twitter:card\" content=\"summary_large_image\" \/>\n<script type=\"application\/ld+json\" class=\"yoast-schema-graph\">{\"@context\":\"https:\\\/\\\/schema.org\",\"@graph\":[{\"@type\":\"WebPage\",\"@id\":\"https:\\\/\\\/eminis.com.tr\\\/en\\\/choose-a-product\\\/\",\"url\":\"https:\\\/\\\/eminis.com.tr\\\/en\\\/choose-a-product\\\/\",\"name\":\"Choose a product - Plastik Kova, Metal Kova, Metal Pail Manufacturer, Plastic Industrial Bucket Manufacturer, metal packaging manufacturer in Europe,plastik ambalaj \u00fcreticileri\",\"isPartOf\":{\"@id\":\"https:\\\/\\\/eminis.com.tr\\\/en\\\/#website\"},\"primaryImageOfPage\":{\"@id\":\"https:\\\/\\\/eminis.com.tr\\\/en\\\/choose-a-product\\\/#primaryimage\"},\"image\":{\"@id\":\"https:\\\/\\\/eminis.com.tr\\\/en\\\/choose-a-product\\\/#primaryimage\"},\"thumbnailUrl\":\"https:\\\/\\\/eminis.com.tr\\\/wp-content\\\/uploads\\\/2022\\\/09\\\/plasticproductseminis-2-1024x1024.jpg\",\"datePublished\":\"2022-06-30T16:04:45+00:00\",\"dateModified\":\"2022-09-29T18:51:11+00:00\",\"description\":\"Emini\u015f Ambalaj, T\u00fcrkiye merkezli 1970'den beri hizmet veren bir metal ve plastik ambalaj \u015firketidir. \u015eirket boya, kimya ve g\u0131da end\u00fcstrileri i\u00e7in pek \u00e7ok \u00fcr\u00fcn envanterine sahiptir. %\",\"breadcrumb\":{\"@id\":\"https:\\\/\\\/eminis.com.tr\\\/en\\\/choose-a-product\\\/#breadcrumb\"},\"inLanguage\":\"en-US\",\"potentialAction\":[{\"@type\":\"ReadAction\",\"target\":[\"https:\\\/\\\/eminis.com.tr\\\/en\\\/choose-a-product\\\/\"]}]},{\"@type\":\"ImageObject\",\"inLanguage\":\"en-US\",\"@id\":\"https:\\\/\\\/eminis.com.tr\\\/en\\\/choose-a-product\\\/#primaryimage\",\"url\":\"https:\\\/\\\/eminis.com.tr\\\/wp-content\\\/uploads\\\/2022\\\/09\\\/plasticproductseminis-2-1024x1024.jpg\",\"contentUrl\":\"https:\\\/\\\/eminis.com.tr\\\/wp-content\\\/uploads\\\/2022\\\/09\\\/plasticproductseminis-2-1024x1024.jpg\"},{\"@type\":\"BreadcrumbList\",\"@id\":\"https:\\\/\\\/eminis.com.tr\\\/en\\\/choose-a-product\\\/#breadcrumb\",\"itemListElement\":[{\"@type\":\"ListItem\",\"position\":1,\"name\":\"Anasayfa\",\"item\":\"https:\\\/\\\/eminis.com.tr\\\/en\\\/\"},{\"@type\":\"ListItem\",\"position\":2,\"name\":\"Choose a product\"}]},{\"@type\":\"WebSite\",\"@id\":\"https:\\\/\\\/eminis.com.tr\\\/en\\\/#website\",\"url\":\"https:\\\/\\\/eminis.com.tr\\\/en\\\/\",\"name\":\"Plastik Kova, Metal Kova, Metal Pail Manufacturer, Plastic Industrial Bucket Manufacturer, metal packaging manufacturer in Europe,plastik ambalaj \u00fcreticileri\",\"description\":\"Emini\u015f Ambalaj - 1970&#039;den beri Ambalaj\u0131n\u0131z Emin Ellerde\",\"publisher\":{\"@id\":\"https:\\\/\\\/eminis.com.tr\\\/en\\\/#organization\"},\"potentialAction\":[{\"@type\":\"SearchAction\",\"target\":{\"@type\":\"EntryPoint\",\"urlTemplate\":\"https:\\\/\\\/eminis.com.tr\\\/en\\\/?s={search_term_string}\"},\"query-input\":{\"@type\":\"PropertyValueSpecification\",\"valueRequired\":true,\"valueName\":\"search_term_string\"}}],\"inLanguage\":\"en-US\"},{\"@type\":\"Organization\",\"@id\":\"https:\\\/\\\/eminis.com.tr\\\/en\\\/#organization\",\"name\":\"EM\u0130N\u0130\u015e AMBALAJ SAN. ve T\u0130C. A.\u015e.\",\"url\":\"https:\\\/\\\/eminis.com.tr\\\/en\\\/\",\"logo\":{\"@type\":\"ImageObject\",\"inLanguage\":\"en-US\",\"@id\":\"https:\\\/\\\/eminis.com.tr\\\/en\\\/#\\\/schema\\\/logo\\\/image\\\/\",\"url\":\"https:\\\/\\\/eminis.com.tr\\\/wp-content\\\/uploads\\\/2022\\\/04\\\/Logo.png\",\"contentUrl\":\"https:\\\/\\\/eminis.com.tr\\\/wp-content\\\/uploads\\\/2022\\\/04\\\/Logo.png\",\"width\":250,\"height\":75,\"caption\":\"EM\u0130N\u0130\u015e AMBALAJ SAN. ve T\u0130C. A.\u015e.\"},\"image\":{\"@id\":\"https:\\\/\\\/eminis.com.tr\\\/en\\\/#\\\/schema\\\/logo\\\/image\\\/\"},\"sameAs\":[\"https:\\\/\\\/www.facebook.com\\\/EminisAmbalaj\\\/\",\"https:\\\/\\\/www.instagram.com\\\/eminisambalaj\\\/\",\"https:\\\/\\\/tr.linkedin.com\\\/company\\\/eminis\"]}]}<\/script>\n<!-- \/ Yoast SEO plugin. -->","yoast_head_json":{"title":"Choose a product - Plastik Kova, Metal Kova, Metal Pail Manufacturer, Plastic Industrial Bucket Manufacturer, metal packaging manufacturer in Europe,plastik ambalaj \u00fcreticileri","description":"Emini\u015f Ambalaj, T\u00fcrkiye merkezli 1970'den beri hizmet veren bir metal ve plastik ambalaj \u015firketidir. \u015eirket boya, kimya ve g\u0131da end\u00fcstrileri i\u00e7in pek \u00e7ok \u00fcr\u00fcn envanterine sahiptir. %","robots":{"index":"index","follow":"follow","max-snippet":"max-snippet:-1","max-image-preview":"max-image-preview:large","max-video-preview":"max-video-preview:-1"},"canonical":"https:\/\/eminis.com.tr\/en\/choose-a-product\/","og_locale":"en_US","og_type":"article","og_title":"Choose a product - Plastik Kova, Metal Kova, Metal Pail Manufacturer, Plastic Industrial Bucket Manufacturer, metal packaging manufacturer in Europe,plastik ambalaj \u00fcreticileri","og_description":"Emini\u015f Ambalaj, T\u00fcrkiye merkezli 1970'den beri hizmet veren bir metal ve plastik ambalaj \u015firketidir. \u015eirket boya, kimya ve g\u0131da end\u00fcstrileri i\u00e7in pek \u00e7ok \u00fcr\u00fcn envanterine sahiptir. %","og_url":"https:\/\/eminis.com.tr\/en\/choose-a-product\/","og_site_name":"Plastik Kova, Metal Kova, Metal Pail Manufacturer, Plastic Industrial Bucket Manufacturer, metal packaging manufacturer in Europe,plastik ambalaj \u00fcreticileri","article_publisher":"https:\/\/www.facebook.com\/EminisAmbalaj\/","article_modified_time":"2022-09-29T18:51:11+00:00","og_image":[{"url":"https:\/\/eminis.com.tr\/wp-content\/uploads\/2022\/09\/plasticproductseminis-2-1024x1024.jpg","type":"","width":"","height":""}],"twitter_card":"summary_large_image","schema":{"@context":"https:\/\/schema.org","@graph":[{"@type":"WebPage","@id":"https:\/\/eminis.com.tr\/en\/choose-a-product\/","url":"https:\/\/eminis.com.tr\/en\/choose-a-product\/","name":"Choose a product - Plastik Kova, Metal Kova, Metal Pail Manufacturer, Plastic Industrial Bucket Manufacturer, metal packaging manufacturer in Europe,plastik ambalaj \u00fcreticileri","isPartOf":{"@id":"https:\/\/eminis.com.tr\/en\/#website"},"primaryImageOfPage":{"@id":"https:\/\/eminis.com.tr\/en\/choose-a-product\/#primaryimage"},"image":{"@id":"https:\/\/eminis.com.tr\/en\/choose-a-product\/#primaryimage"},"thumbnailUrl":"https:\/\/eminis.com.tr\/wp-content\/uploads\/2022\/09\/plasticproductseminis-2-1024x1024.jpg","datePublished":"2022-06-30T16:04:45+00:00","dateModified":"2022-09-29T18:51:11+00:00","description":"Emini\u015f Ambalaj, T\u00fcrkiye merkezli 1970'den beri hizmet veren bir metal ve plastik ambalaj \u015firketidir. \u015eirket boya, kimya ve g\u0131da end\u00fcstrileri i\u00e7in pek \u00e7ok \u00fcr\u00fcn envanterine sahiptir. %","breadcrumb":{"@id":"https:\/\/eminis.com.tr\/en\/choose-a-product\/#breadcrumb"},"inLanguage":"en-US","potentialAction":[{"@type":"ReadAction","target":["https:\/\/eminis.com.tr\/en\/choose-a-product\/"]}]},{"@type":"ImageObject","inLanguage":"en-US","@id":"https:\/\/eminis.com.tr\/en\/choose-a-product\/#primaryimage","url":"https:\/\/eminis.com.tr\/wp-content\/uploads\/2022\/09\/plasticproductseminis-2-1024x1024.jpg","contentUrl":"https:\/\/eminis.com.tr\/wp-content\/uploads\/2022\/09\/plasticproductseminis-2-1024x1024.jpg"},{"@type":"BreadcrumbList","@id":"https:\/\/eminis.com.tr\/en\/choose-a-product\/#breadcrumb","itemListElement":[{"@type":"ListItem","position":1,"name":"Anasayfa","item":"https:\/\/eminis.com.tr\/en\/"},{"@type":"ListItem","position":2,"name":"Choose a product"}]},{"@type":"WebSite","@id":"https:\/\/eminis.com.tr\/en\/#website","url":"https:\/\/eminis.com.tr\/en\/","name":"Plastik Kova, Metal Kova, Metal Pail Manufacturer, Plastic Industrial Bucket Manufacturer, metal packaging manufacturer in Europe,plastik ambalaj \u00fcreticileri","description":"Emini\u015f Ambalaj - 1970&#039;den beri Ambalaj\u0131n\u0131z Emin Ellerde","publisher":{"@id":"https:\/\/eminis.com.tr\/en\/#organization"},"potentialAction":[{"@type":"SearchAction","target":{"@type":"EntryPoint","urlTemplate":"https:\/\/eminis.com.tr\/en\/?s={search_term_string}"},"query-input":{"@type":"PropertyValueSpecification","valueRequired":true,"valueName":"search_term_string"}}],"inLanguage":"en-US"},{"@type":"Organization","@id":"https:\/\/eminis.com.tr\/en\/#organization","name":"EM\u0130N\u0130\u015e AMBALAJ SAN. ve T\u0130C. A.\u015e.","url":"https:\/\/eminis.com.tr\/en\/","logo":{"@type":"ImageObject","inLanguage":"en-US","@id":"https:\/\/eminis.com.tr\/en\/#\/schema\/logo\/image\/","url":"https:\/\/eminis.com.tr\/wp-content\/uploads\/2022\/04\/Logo.png","contentUrl":"https:\/\/eminis.com.tr\/wp-content\/uploads\/2022\/04\/Logo.png","width":250,"height":75,"caption":"EM\u0130N\u0130\u015e AMBALAJ SAN. ve T\u0130C. A.\u015e."},"image":{"@id":"https:\/\/eminis.com.tr\/en\/#\/schema\/logo\/image\/"},"sameAs":["https:\/\/www.facebook.com\/EminisAmbalaj\/","https:\/\/www.instagram.com\/eminisambalaj\/","https:\/\/tr.linkedin.com\/company\/eminis"]}]}},"_links":{"self":[{"href":"https:\/\/eminis.com.tr\/en\/wp-json\/wp\/v2\/pages\/1751","targetHints":{"allow":["GET"]}}],"collection":[{"href":"https:\/\/eminis.com.tr\/en\/wp-json\/wp\/v2\/pages"}],"about":[{"href":"https:\/\/eminis.com.tr\/en\/wp-json\/wp\/v2\/types\/page"}],"author":[{"embeddable":true,"href":"https:\/\/eminis.com.tr\/en\/wp-json\/wp\/v2\/users\/1"}],"replies":[{"embeddable":true,"href":"https:\/\/eminis.com.tr\/en\/wp-json\/wp\/v2\/comments?post=1751"}],"version-history":[{"count":0,"href":"https:\/\/eminis.com.tr\/en\/wp-json\/wp\/v2\/pages\/1751\/revisions"}],"wp:attachment":[{"href":"https:\/\/eminis.com.tr\/en\/wp-json\/wp\/v2\/media?parent=1751"}],"curies":[{"name":"wp","href":"https:\/\/api.w.org\/{rel}","templated":true}]}}