{"id":1748,"date":"2022-04-28T20:33:40","date_gmt":"2022-04-28T17:33:40","guid":{"rendered":"https:\/\/eminis.com.tr\/kvkk-illumination-text\/"},"modified":"2022-09-19T00:22:54","modified_gmt":"2022-09-18T21:22:54","slug":"kvkk-illumination-text","status":"publish","type":"page","link":"https:\/\/eminis.com.tr\/en\/kvkk-illumination-text\/","title":{"rendered":"KVKK Illumination Text"},"content":{"rendered":"\n<p>This statement {EMINI\u015e AMBALAJ SAN. VE T\u0130C. Inc. } It includes the KVKK policy. { EMINIS PACKAGING IND. VE T\u0130C. Inc. } and { EMINIS AMBALAJ SAN. VE T\u0130C. Inc. } By visiting the websites of other registered trademarks and patented products, you are deemed to have accepted the following conditions.<\/p>\n\n<p>{ EMINIS PACKAGING IND. VE T\u0130C. Inc. }, providing confidential information, contacting you for marketing purposes, directing you to e-commerce sites, suggesting products and services that may be of interest to you, profiling, statistical studies, advertising, promotion, marketing and other communication activities, increasing the service quality and improving site activities. business partners and all { EM\u0130N\u0130\u015e AMBALAJ SAN. VE T\u0130C. Inc. } also allows sharing with its affiliates.<\/p>\n\n<p>{ EMINIS PACKAGING IND. VE T\u0130C. Inc. } Users&#8217; personal data will not be used in any way other than the basis and scope determined by this privacy policy.<\/p>\n\n<p>{ EMINIS PACKAGING IND. VE T\u0130C. Inc. }, with the official authorities responsible for public security, the Court Prosecution and the Ministry of Internal Affairs, Department of Cybercrime, BTK always reserves the right to share confidential information upon request.<\/p>\n\n<p>In order to identify the problems related to the system and to solve the problems that may arise on the Site immediately, { EM\u0130N\u0130\u015e AMBALAJ SAN. VE T\u0130C. Inc. } detects and uses the IP address of users when necessary. IP addresses can also be used to identify users in a general way and to gather comprehensive demographic information. { EMINIS PACKAGING IND. VE T\u0130C. Inc. } can be linked to other sites, redirects can be made. { EMINIS PACKAGING IND. VE T\u0130C. Inc. } does not bear any responsibility for the privacy practices and contents of the sites accessed via the link.<\/p>\n\n<p>This site has security measures to prevent loss, misuse or modification of information under our control.<\/p>\n\n<p><strong>Personal Data<\/strong><\/p>\n\n<p>The information collected from this site is considered a source of the company, it can be transferred in case of changes in the company structure arising from the sale, merger or restructuring of the company or partnership with other companies within the framework of the Turkish Commercial Code.<\/p>\n\n<p>The information collected from this site is considered a source of the company, it can be transferred in case of changes in the company structure arising from the sale, merger or restructuring of the company or partnership with other companies within the framework of the Turkish Commercial Code.<\/p>\n\n<p>{ EMINIS PACKAGING IND. VE T\u0130C. Inc. }, while using the website in order to provide better service to its users, to improve its products and services, to facilitate the use of the website and to make studies and demonstrations for the special preferences and interests of the users, some personal data (name, surname, date of birth, age, gender, marital status, interests, e-mail address, telephone number, etc.) and collects, processes and uses your personal data for this purpose. The site may be shared with third parties within the scope of cooperation with third parties in order to provide better service and improve services. User, personal data { EMINIS AMBALAJ SAN. VE T\u0130C. Inc. } agrees to use, process, transfer and store with these conditions. Learning whether your personal data is processed; If your personal data has been processed, requesting information about it; learning the purpose of processing your personal data and whether they are used in accordance with the purpose; knowing the third parties to whom your personal data is transferred, in the country or abroad; to request correction of your personal data if it is incomplete or incorrectly processed; to request the deletion or destruction of your personal data in the event that the reasons for the processing of your personal data disappear; Requesting notification of the above-mentioned correction, deletion or destruction processes in accordance with Article 7 of the Law on the Protection of Personal Data, to the third parties to whom your personal data has been transferred; object to the emergence of a result against you by analyzing your processed data exclusively through automated systems; and in case you suffer damage due to unlawful processing of your personal data, it has the right to demand that your damage be remedied. Please notify the site administration of any applications for the correction, blocking or deletion of your personal data or any questions regarding data protection.<\/p>\n\n<p><strong>Cookies<\/strong><\/p>\n\n<p>We use cookies (a small file containing a string of characters) to increase the traffic of our site on different websites. Most of the cookies we use are deleted from the main memory of your computer after you log out. The remaining cookies, on the other hand, are used to improve the overall quality of our services, including saving users&#8217; preferences, identifying users easily when they re-enter our site, and closely monitoring user trends. Our campaign partners with whom we have an agreement are not aware of collecting, distributing and using user information using these cookies. These cookies have been developed and put into practice by us with all kinds of control. Bu kontrollere g\u00f6re vir\u00fcs ya da bilgisayarlara zarar verebilecek bilgiler ve veriler \u00e7erezler \u00fczerinde bulunmamaktad\u0131r. However, we are not responsible in any way for the cookies we offer due to the software offered by malicious users and unpreventable data or programs such as viruses and\/or Trojan horses that exist on your computer due to your own mistakes.<\/p>\n\n<p>However, if users wish, they can change their browser settings so that the cookie file is not sent or a warning is given when the cookie file is sent.<\/p>\n\n<p>For your questions and requests, please contact us { EMINIS AMBALAJ SAN. VE T\u0130C. Inc. } e-mail address.<\/p>\n","protected":false},"excerpt":{"rendered":"<p>This statement {EMINI\u015e AMBALAJ SAN. VE T\u0130C. Inc. } It includes the KVKK policy. { EMINIS PACKAGING IND. VE T\u0130C. Inc. } and { EMINIS AMBALAJ SAN. VE T\u0130C. Inc. } By visiting the websites of other registered trademarks and &hellip;<\/p>\n","protected":false},"author":1,"featured_media":0,"parent":0,"menu_order":0,"comment_status":"closed","ping_status":"closed","template":"","meta":{"footnotes":""},"class_list":["post-1748","page","type-page","status-publish","hentry"],"yoast_head":"<!-- This site is optimized with the Yoast SEO plugin v27.5 - https:\/\/yoast.com\/product\/yoast-seo-wordpress\/ -->\n<title>KVKK Illumination Text - Plastik Kova, Metal Kova, Metal Pail Manufacturer, Plastic Industrial Bucket Manufacturer, metal packaging manufacturer in Europe,plastik ambalaj \u00fcreticileri<\/title>\n<meta name=\"description\" content=\"Emini\u015f Ambalaj, T\u00fcrkiye merkezli 1970&#039;den beri hizmet veren bir metal ve plastik ambalaj \u015firketidir. \u015eirket boya, kimya ve g\u0131da end\u00fcstrileri i\u00e7in pek \u00e7ok \u00fcr\u00fcn envanterine sahiptir. %\" \/>\n<meta name=\"robots\" content=\"index, follow, max-snippet:-1, max-image-preview:large, max-video-preview:-1\" \/>\n<link rel=\"canonical\" href=\"https:\/\/eminis.com.tr\/en\/kvkk-illumination-text\/\" \/>\n<meta property=\"og:locale\" content=\"en_US\" \/>\n<meta property=\"og:type\" content=\"article\" \/>\n<meta property=\"og:title\" content=\"KVKK Illumination Text - Plastik Kova, Metal Kova, Metal Pail Manufacturer, Plastic Industrial Bucket Manufacturer, metal packaging manufacturer in Europe,plastik ambalaj \u00fcreticileri\" \/>\n<meta property=\"og:description\" content=\"Emini\u015f Ambalaj, T\u00fcrkiye merkezli 1970&#039;den beri hizmet veren bir metal ve plastik ambalaj \u015firketidir. \u015eirket boya, kimya ve g\u0131da end\u00fcstrileri i\u00e7in pek \u00e7ok \u00fcr\u00fcn envanterine sahiptir. %\" \/>\n<meta property=\"og:url\" content=\"https:\/\/eminis.com.tr\/en\/kvkk-illumination-text\/\" \/>\n<meta property=\"og:site_name\" content=\"Plastik Kova, Metal Kova, Metal Pail Manufacturer, Plastic Industrial Bucket Manufacturer, metal packaging manufacturer in Europe,plastik ambalaj \u00fcreticileri\" \/>\n<meta property=\"article:publisher\" content=\"https:\/\/www.facebook.com\/EminisAmbalaj\/\" \/>\n<meta property=\"article:modified_time\" content=\"2022-09-18T21:22:54+00:00\" \/>\n<meta name=\"twitter:card\" content=\"summary_large_image\" \/>\n<meta name=\"twitter:label1\" content=\"Est. reading time\" \/>\n\t<meta name=\"twitter:data1\" content=\"5 minutes\" \/>\n<script type=\"application\/ld+json\" class=\"yoast-schema-graph\">{\"@context\":\"https:\\\/\\\/schema.org\",\"@graph\":[{\"@type\":\"WebPage\",\"@id\":\"https:\\\/\\\/eminis.com.tr\\\/en\\\/kvkk-illumination-text\\\/\",\"url\":\"https:\\\/\\\/eminis.com.tr\\\/en\\\/kvkk-illumination-text\\\/\",\"name\":\"KVKK Illumination Text - Plastik Kova, Metal Kova, Metal Pail Manufacturer, Plastic Industrial Bucket Manufacturer, metal packaging manufacturer in Europe,plastik ambalaj \u00fcreticileri\",\"isPartOf\":{\"@id\":\"https:\\\/\\\/eminis.com.tr\\\/en\\\/#website\"},\"datePublished\":\"2022-04-28T17:33:40+00:00\",\"dateModified\":\"2022-09-18T21:22:54+00:00\",\"description\":\"Emini\u015f Ambalaj, T\u00fcrkiye merkezli 1970'den beri hizmet veren bir metal ve plastik ambalaj \u015firketidir. \u015eirket boya, kimya ve g\u0131da end\u00fcstrileri i\u00e7in pek \u00e7ok \u00fcr\u00fcn envanterine sahiptir. %\",\"breadcrumb\":{\"@id\":\"https:\\\/\\\/eminis.com.tr\\\/en\\\/kvkk-illumination-text\\\/#breadcrumb\"},\"inLanguage\":\"en-US\",\"potentialAction\":[{\"@type\":\"ReadAction\",\"target\":[\"https:\\\/\\\/eminis.com.tr\\\/en\\\/kvkk-illumination-text\\\/\"]}]},{\"@type\":\"BreadcrumbList\",\"@id\":\"https:\\\/\\\/eminis.com.tr\\\/en\\\/kvkk-illumination-text\\\/#breadcrumb\",\"itemListElement\":[{\"@type\":\"ListItem\",\"position\":1,\"name\":\"Anasayfa\",\"item\":\"https:\\\/\\\/eminis.com.tr\\\/en\\\/\"},{\"@type\":\"ListItem\",\"position\":2,\"name\":\"KVKK Illumination Text\"}]},{\"@type\":\"WebSite\",\"@id\":\"https:\\\/\\\/eminis.com.tr\\\/en\\\/#website\",\"url\":\"https:\\\/\\\/eminis.com.tr\\\/en\\\/\",\"name\":\"Plastik Kova, Metal Kova, Metal Pail Manufacturer, Plastic Industrial Bucket Manufacturer, metal packaging manufacturer in Europe,plastik ambalaj \u00fcreticileri\",\"description\":\"Emini\u015f Ambalaj - 1970&#039;den beri Ambalaj\u0131n\u0131z Emin Ellerde\",\"publisher\":{\"@id\":\"https:\\\/\\\/eminis.com.tr\\\/en\\\/#organization\"},\"potentialAction\":[{\"@type\":\"SearchAction\",\"target\":{\"@type\":\"EntryPoint\",\"urlTemplate\":\"https:\\\/\\\/eminis.com.tr\\\/en\\\/?s={search_term_string}\"},\"query-input\":{\"@type\":\"PropertyValueSpecification\",\"valueRequired\":true,\"valueName\":\"search_term_string\"}}],\"inLanguage\":\"en-US\"},{\"@type\":\"Organization\",\"@id\":\"https:\\\/\\\/eminis.com.tr\\\/en\\\/#organization\",\"name\":\"EM\u0130N\u0130\u015e AMBALAJ SAN. ve T\u0130C. A.\u015e.\",\"url\":\"https:\\\/\\\/eminis.com.tr\\\/en\\\/\",\"logo\":{\"@type\":\"ImageObject\",\"inLanguage\":\"en-US\",\"@id\":\"https:\\\/\\\/eminis.com.tr\\\/en\\\/#\\\/schema\\\/logo\\\/image\\\/\",\"url\":\"https:\\\/\\\/eminis.com.tr\\\/wp-content\\\/uploads\\\/2022\\\/04\\\/Logo.png\",\"contentUrl\":\"https:\\\/\\\/eminis.com.tr\\\/wp-content\\\/uploads\\\/2022\\\/04\\\/Logo.png\",\"width\":250,\"height\":75,\"caption\":\"EM\u0130N\u0130\u015e AMBALAJ SAN. ve T\u0130C. A.\u015e.\"},\"image\":{\"@id\":\"https:\\\/\\\/eminis.com.tr\\\/en\\\/#\\\/schema\\\/logo\\\/image\\\/\"},\"sameAs\":[\"https:\\\/\\\/www.facebook.com\\\/EminisAmbalaj\\\/\",\"https:\\\/\\\/www.instagram.com\\\/eminisambalaj\\\/\",\"https:\\\/\\\/tr.linkedin.com\\\/company\\\/eminis\"]}]}<\/script>\n<!-- \/ Yoast SEO plugin. -->","yoast_head_json":{"title":"KVKK Illumination Text - Plastik Kova, Metal Kova, Metal Pail Manufacturer, Plastic Industrial Bucket Manufacturer, metal packaging manufacturer in Europe,plastik ambalaj \u00fcreticileri","description":"Emini\u015f Ambalaj, T\u00fcrkiye merkezli 1970'den beri hizmet veren bir metal ve plastik ambalaj \u015firketidir. \u015eirket boya, kimya ve g\u0131da end\u00fcstrileri i\u00e7in pek \u00e7ok \u00fcr\u00fcn envanterine sahiptir. %","robots":{"index":"index","follow":"follow","max-snippet":"max-snippet:-1","max-image-preview":"max-image-preview:large","max-video-preview":"max-video-preview:-1"},"canonical":"https:\/\/eminis.com.tr\/en\/kvkk-illumination-text\/","og_locale":"en_US","og_type":"article","og_title":"KVKK Illumination Text - Plastik Kova, Metal Kova, Metal Pail Manufacturer, Plastic Industrial Bucket Manufacturer, metal packaging manufacturer in Europe,plastik ambalaj \u00fcreticileri","og_description":"Emini\u015f Ambalaj, T\u00fcrkiye merkezli 1970'den beri hizmet veren bir metal ve plastik ambalaj \u015firketidir. \u015eirket boya, kimya ve g\u0131da end\u00fcstrileri i\u00e7in pek \u00e7ok \u00fcr\u00fcn envanterine sahiptir. %","og_url":"https:\/\/eminis.com.tr\/en\/kvkk-illumination-text\/","og_site_name":"Plastik Kova, Metal Kova, Metal Pail Manufacturer, Plastic Industrial Bucket Manufacturer, metal packaging manufacturer in Europe,plastik ambalaj \u00fcreticileri","article_publisher":"https:\/\/www.facebook.com\/EminisAmbalaj\/","article_modified_time":"2022-09-18T21:22:54+00:00","twitter_card":"summary_large_image","twitter_misc":{"Est. reading time":"5 minutes"},"schema":{"@context":"https:\/\/schema.org","@graph":[{"@type":"WebPage","@id":"https:\/\/eminis.com.tr\/en\/kvkk-illumination-text\/","url":"https:\/\/eminis.com.tr\/en\/kvkk-illumination-text\/","name":"KVKK Illumination Text - Plastik Kova, Metal Kova, Metal Pail Manufacturer, Plastic Industrial Bucket Manufacturer, metal packaging manufacturer in Europe,plastik ambalaj \u00fcreticileri","isPartOf":{"@id":"https:\/\/eminis.com.tr\/en\/#website"},"datePublished":"2022-04-28T17:33:40+00:00","dateModified":"2022-09-18T21:22:54+00:00","description":"Emini\u015f Ambalaj, T\u00fcrkiye merkezli 1970'den beri hizmet veren bir metal ve plastik ambalaj \u015firketidir. \u015eirket boya, kimya ve g\u0131da end\u00fcstrileri i\u00e7in pek \u00e7ok \u00fcr\u00fcn envanterine sahiptir. %","breadcrumb":{"@id":"https:\/\/eminis.com.tr\/en\/kvkk-illumination-text\/#breadcrumb"},"inLanguage":"en-US","potentialAction":[{"@type":"ReadAction","target":["https:\/\/eminis.com.tr\/en\/kvkk-illumination-text\/"]}]},{"@type":"BreadcrumbList","@id":"https:\/\/eminis.com.tr\/en\/kvkk-illumination-text\/#breadcrumb","itemListElement":[{"@type":"ListItem","position":1,"name":"Anasayfa","item":"https:\/\/eminis.com.tr\/en\/"},{"@type":"ListItem","position":2,"name":"KVKK Illumination Text"}]},{"@type":"WebSite","@id":"https:\/\/eminis.com.tr\/en\/#website","url":"https:\/\/eminis.com.tr\/en\/","name":"Plastik Kova, Metal Kova, Metal Pail Manufacturer, Plastic Industrial Bucket Manufacturer, metal packaging manufacturer in Europe,plastik ambalaj \u00fcreticileri","description":"Emini\u015f Ambalaj - 1970&#039;den beri Ambalaj\u0131n\u0131z Emin Ellerde","publisher":{"@id":"https:\/\/eminis.com.tr\/en\/#organization"},"potentialAction":[{"@type":"SearchAction","target":{"@type":"EntryPoint","urlTemplate":"https:\/\/eminis.com.tr\/en\/?s={search_term_string}"},"query-input":{"@type":"PropertyValueSpecification","valueRequired":true,"valueName":"search_term_string"}}],"inLanguage":"en-US"},{"@type":"Organization","@id":"https:\/\/eminis.com.tr\/en\/#organization","name":"EM\u0130N\u0130\u015e AMBALAJ SAN. ve T\u0130C. A.\u015e.","url":"https:\/\/eminis.com.tr\/en\/","logo":{"@type":"ImageObject","inLanguage":"en-US","@id":"https:\/\/eminis.com.tr\/en\/#\/schema\/logo\/image\/","url":"https:\/\/eminis.com.tr\/wp-content\/uploads\/2022\/04\/Logo.png","contentUrl":"https:\/\/eminis.com.tr\/wp-content\/uploads\/2022\/04\/Logo.png","width":250,"height":75,"caption":"EM\u0130N\u0130\u015e AMBALAJ SAN. ve T\u0130C. A.\u015e."},"image":{"@id":"https:\/\/eminis.com.tr\/en\/#\/schema\/logo\/image\/"},"sameAs":["https:\/\/www.facebook.com\/EminisAmbalaj\/","https:\/\/www.instagram.com\/eminisambalaj\/","https:\/\/tr.linkedin.com\/company\/eminis"]}]}},"_links":{"self":[{"href":"https:\/\/eminis.com.tr\/en\/wp-json\/wp\/v2\/pages\/1748","targetHints":{"allow":["GET"]}}],"collection":[{"href":"https:\/\/eminis.com.tr\/en\/wp-json\/wp\/v2\/pages"}],"about":[{"href":"https:\/\/eminis.com.tr\/en\/wp-json\/wp\/v2\/types\/page"}],"author":[{"embeddable":true,"href":"https:\/\/eminis.com.tr\/en\/wp-json\/wp\/v2\/users\/1"}],"replies":[{"embeddable":true,"href":"https:\/\/eminis.com.tr\/en\/wp-json\/wp\/v2\/comments?post=1748"}],"version-history":[{"count":0,"href":"https:\/\/eminis.com.tr\/en\/wp-json\/wp\/v2\/pages\/1748\/revisions"}],"wp:attachment":[{"href":"https:\/\/eminis.com.tr\/en\/wp-json\/wp\/v2\/media?parent=1748"}],"curies":[{"name":"wp","href":"https:\/\/api.w.org\/{rel}","templated":true}]}}