{"id":1746,"date":"2020-03-16T13:08:32","date_gmt":"2020-03-16T10:08:32","guid":{"rendered":"https:\/\/eminis.com.tr\/contact\/"},"modified":"2022-12-30T08:43:10","modified_gmt":"2022-12-30T05:43:10","slug":"contact","status":"publish","type":"page","link":"https:\/\/eminis.com.tr\/en\/contact\/","title":{"rendered":"Contact"},"content":{"rendered":"\t\t<div data-elementor-type=\"wp-page\" data-elementor-id=\"1746\" class=\"elementor elementor-1746 elementor-104\">\n\t\t\t\t\t\t<section class=\"elementor-section elementor-top-section elementor-element elementor-element-c977aee elementor-section-boxed elementor-section-height-default elementor-section-height-default\" data-id=\"c977aee\" data-element_type=\"section\" data-e-type=\"section\">\n\t\t\t\t\t\t<div class=\"elementor-container elementor-column-gap-default\">\n\t\t\t\t\t<div class=\"elementor-column elementor-col-100 elementor-top-column elementor-element elementor-element-b0633ac\" data-id=\"b0633ac\" data-element_type=\"column\" data-e-type=\"column\">\n\t\t\t<div class=\"elementor-widget-wrap elementor-element-populated\">\n\t\t\t\t\t\t<div class=\"elementor-element elementor-element-28168aa elementor-widget elementor-widget-heading\" data-id=\"28168aa\" data-element_type=\"widget\" data-e-type=\"widget\" data-widget_type=\"heading.default\">\n\t\t\t\t<div class=\"elementor-widget-container\">\n\t\t\t\t\t<h3 class='heading-left  divider-sm'  style=\"color:#000000\"><span>Contact<\/span><\/h3>\t\t\t\t<\/div>\n\t\t\t\t<\/div>\n\t\t\t\t\t<\/div>\n\t\t<\/div>\n\t\t\t\t\t<\/div>\n\t\t<\/section>\n\t\t\t\t<section class=\"elementor-section elementor-top-section elementor-element elementor-element-dabe712 elementor-section-boxed elementor-section-height-default elementor-section-height-default\" data-id=\"dabe712\" data-element_type=\"section\" data-e-type=\"section\">\n\t\t\t\t\t\t<div class=\"elementor-container elementor-column-gap-default\">\n\t\t\t\t\t<div class=\"elementor-column elementor-col-50 elementor-top-column elementor-element elementor-element-2862ce9\" data-id=\"2862ce9\" data-element_type=\"column\" data-e-type=\"column\">\n\t\t\t<div class=\"elementor-widget-wrap elementor-element-populated\">\n\t\t\t\t\t\t<div class=\"elementor-element elementor-element-ecdfc7e elementor-widget elementor-widget-contact_info\" data-id=\"ecdfc7e\" data-element_type=\"widget\" data-e-type=\"widget\" data-widget_type=\"contact_info.default\">\n\t\t\t\t<div class=\"elementor-widget-container\">\n\t\t\t\t\t<table class='info-table'><tbody><tr class='info-table-row'><th class='info-table-icon'><i class='fa fas fa-long-arrow-alt-right'><\/i><\/th><td class='info-table-content'>EM\u0130N\u0130\u015e AMBALAJ SAN. ve T\u0130C. A.\u015e.<\/td><\/tr><tr class='info-table-row'><th class='info-table-icon'><i class='fa fas fa-map-marker-alt'><\/i><\/th><td class='info-table-content'>Dilovas\u0131 Organize Sanayi B\u00f6lgesi, 1. K\u0131s\u0131m,  D-1003 Sokak, No: 4, P.K. 41455  Dilovas\u0131 \/ Kocaeli \/ T\u00fcrkiye<\/td><\/tr><tr class='info-table-row'><th class='info-table-icon'><i class='fa fas fa-phone'><\/i><\/th><td class='info-table-content'><strong><a href='tel:902627545238'>+90 262 754 52 38<\/a><\/strong><\/td><\/tr><tr class='info-table-row'><th class='info-table-icon'><i class='fa fas fa-fax'><\/i><\/th><td class='info-table-content'>+90 262 754 72 06<\/td><\/tr><tr class='info-table-row'><th class='info-table-icon'><i class='fa fas fa-envelope'><\/i><\/th><td class='info-table-content'><strong><a href='mailto:info@eminis.com.tr'>info@eminis.com.tr<\/a><\/strong><\/td><\/tr><tr class='info-table-row'><th class='info-table-icon'><i class='fa fas fa-globe'><\/i><\/th><td class='info-table-content'><strong><a href='www.eminis.com.tr'>www.eminis.com.tr<\/a><\/strong><\/td><\/tr><\/tbody><\/table>\t\t\t\t<\/div>\n\t\t\t\t<\/div>\n\t\t\t\t<div class=\"elementor-element elementor-element-aef283d elementor-widget elementor-widget-button\" data-id=\"aef283d\" data-element_type=\"widget\" data-e-type=\"widget\" data-widget_type=\"button.default\">\n\t\t\t\t<div class=\"elementor-widget-container\">\n\t\t\t\t\t<a id=button-id-0 target=_self href=https:\/\/g.page\/Eminisambalaj?share class=\"btn btn-normal  btn-md\" style=><i class='fa fas fa-location-arrow'><\/i> Get Directions<\/a>\t\t\t\t<\/div>\n\t\t\t\t<\/div>\n\t\t\t\t\t<\/div>\n\t\t<\/div>\n\t\t\t\t<div class=\"elementor-column elementor-col-50 elementor-top-column elementor-element elementor-element-304c6b8\" data-id=\"304c6b8\" data-element_type=\"column\" data-e-type=\"column\">\n\t\t\t<div class=\"elementor-widget-wrap\">\n\t\t\t\t\t\t\t<\/div>\n\t\t<\/div>\n\t\t\t\t\t<\/div>\n\t\t<\/section>\n\t\t\t\t<section class=\"elementor-section elementor-top-section elementor-element elementor-element-ed4c11a elementor-section-full_width elementor-section-content-top elementor-section-stretched elementor-section-height-default elementor-section-height-default\" data-id=\"ed4c11a\" data-element_type=\"section\" data-e-type=\"section\" data-settings=\"{&quot;stretch_section&quot;:&quot;section-stretched&quot;}\">\n\t\t\t\t\t\t<div class=\"elementor-container elementor-column-gap-no\">\n\t\t\t\t\t<div class=\"elementor-column elementor-col-100 elementor-top-column elementor-element elementor-element-91b46d5\" data-id=\"91b46d5\" data-element_type=\"column\" data-e-type=\"column\">\n\t\t\t<div class=\"elementor-widget-wrap elementor-element-populated\">\n\t\t\t\t\t\t<div class=\"elementor-element elementor-element-96c6e58 elementor-widget elementor-widget-html\" data-id=\"96c6e58\" data-element_type=\"widget\" data-e-type=\"widget\" data-widget_type=\"html.default\">\n\t\t\t\t<div class=\"elementor-widget-container\">\n\t\t\t\t\t<div class=\"mapouter\"><div class=\"gmap_canvas\"><iframe width=\"1580\" height=\"409\" id=\"gmap_canvas\" src=\"https:\/\/maps.google.com\/maps?q=emini%C5%9F%20ambalaj&amp;t=&amp;z=9&amp;ie=UTF8&amp;iwloc=&amp;output=embed\" frameborder=\"0\" scrolling=\"no\" marginheight=\"0\" marginwidth=\"0\"><\/iframe><a href=\"https:\/\/123movies-a.com\"><\/a><br><style>.mapouter{position:relative;text-align:right;height:409px;width:1580px;}<\/style><a href=\"https:\/\/www.embedgooglemap.net\">google map code generator<\/a><style>.gmap_canvas {overflow:hidden;background:none!important;height:409px;width:1580px;}<\/style><\/div><\/div>\t\t\t\t<\/div>\n\t\t\t\t<\/div>\n\t\t\t\t\t<\/div>\n\t\t<\/div>\n\t\t\t\t\t<\/div>\n\t\t<\/section>\n\t\t\t\t<section class=\"elementor-section elementor-top-section elementor-element elementor-element-4b086b9e elementor-section-stretched elementor-section-boxed elementor-section-height-default elementor-section-height-default\" data-id=\"4b086b9e\" data-element_type=\"section\" data-e-type=\"section\" data-settings=\"{&quot;stretch_section&quot;:&quot;section-stretched&quot;,&quot;background_background&quot;:&quot;classic&quot;}\">\n\t\t\t\t\t\t<div class=\"elementor-container elementor-column-gap-no\">\n\t\t\t\t\t<div class=\"elementor-column elementor-col-100 elementor-top-column elementor-element elementor-element-58b5d007\" data-id=\"58b5d007\" data-element_type=\"column\" data-e-type=\"column\">\n\t\t\t<div class=\"elementor-widget-wrap elementor-element-populated\">\n\t\t\t\t\t\t<div class=\"elementor-element elementor-element-4c839475 elementor-widget elementor-widget-download\" data-id=\"4c839475\" data-element_type=\"widget\" data-e-type=\"widget\" data-widget_type=\"download.default\">\n\t\t\t\t<div class=\"elementor-widget-container\">\n\t\t\t\t\t<div class=\"download\"><div class='download-content text-uppercase' style='color: #FFFFFF'><i class='fa far fa-file-pdf'><\/i> \u00dcr\u00fcn Katalo\u011fumuzu \u0130nceleyin<\/div><a target='_self' href='https:\/\/eminis.com.tr\/wp-content\/uploads\/2022\/09\/Eminis-Ambalaj-Katalog-20202-TR-1.pdf' class='btn btn-md btn-dark btn-shadow'><i class='fa fas fa-cloud-download-alt'><\/i> \u0130NCELE<\/a><\/div>\t\t\t\t<\/div>\n\t\t\t\t<\/div>\n\t\t\t\t\t<\/div>\n\t\t<\/div>\n\t\t\t\t\t<\/div>\n\t\t<\/section>\n\t\t\t\t<\/div>\n\t\t","protected":false},"excerpt":{"rendered":"<p>Contact EM\u0130N\u0130\u015e AMBALAJ SAN. ve T\u0130C. A.\u015e. Dilovas\u0131 Organize Sanayi B\u00f6lgesi, 1. K\u0131s\u0131m, D-1003 Sokak, No: 4, P.K. 41455 Dilovas\u0131 \/ Kocaeli \/ T\u00fcrkiye +90 262 754 52 38 +90 262 754 72 06 info@eminis.com.tr www.eminis.com.tr Get Directions Bildirim: Bu &hellip;<\/p>\n","protected":false},"author":1,"featured_media":0,"parent":0,"menu_order":0,"comment_status":"closed","ping_status":"closed","template":"","meta":{"footnotes":""},"class_list":["post-1746","page","type-page","status-publish","hentry"],"yoast_head":"<!-- This site is optimized with the Yoast SEO plugin v27.5 - https:\/\/yoast.com\/product\/yoast-seo-wordpress\/ -->\n<title>Contact - Plastik Kova, Metal Kova, Metal Pail Manufacturer, Plastic Industrial Bucket Manufacturer, metal packaging manufacturer in Europe,plastik ambalaj \u00fcreticileri<\/title>\n<meta name=\"description\" content=\"Emini\u015f Ambalaj, T\u00fcrkiye merkezli 1970&#039;den beri hizmet veren bir metal ve plastik ambalaj \u015firketidir. \u015eirket boya, kimya ve g\u0131da end\u00fcstrileri i\u00e7in pek \u00e7ok \u00fcr\u00fcn envanterine sahiptir. %\" \/>\n<meta name=\"robots\" content=\"index, follow, max-snippet:-1, max-image-preview:large, max-video-preview:-1\" \/>\n<link rel=\"canonical\" href=\"https:\/\/eminis.com.tr\/en\/contact\/\" \/>\n<meta property=\"og:locale\" content=\"en_US\" \/>\n<meta property=\"og:type\" content=\"article\" \/>\n<meta property=\"og:title\" content=\"Contact - Plastik Kova, Metal Kova, Metal Pail Manufacturer, Plastic Industrial Bucket Manufacturer, metal packaging manufacturer in Europe,plastik ambalaj \u00fcreticileri\" \/>\n<meta property=\"og:description\" content=\"Emini\u015f Ambalaj, T\u00fcrkiye merkezli 1970&#039;den beri hizmet veren bir metal ve plastik ambalaj \u015firketidir. \u015eirket boya, kimya ve g\u0131da end\u00fcstrileri i\u00e7in pek \u00e7ok \u00fcr\u00fcn envanterine sahiptir. %\" \/>\n<meta property=\"og:url\" content=\"https:\/\/eminis.com.tr\/en\/contact\/\" \/>\n<meta property=\"og:site_name\" content=\"Plastik Kova, Metal Kova, Metal Pail Manufacturer, Plastic Industrial Bucket Manufacturer, metal packaging manufacturer in Europe,plastik ambalaj \u00fcreticileri\" \/>\n<meta property=\"article:publisher\" content=\"https:\/\/www.facebook.com\/EminisAmbalaj\/\" \/>\n<meta property=\"article:modified_time\" content=\"2022-12-30T05:43:10+00:00\" \/>\n<meta name=\"twitter:card\" content=\"summary_large_image\" \/>\n<script type=\"application\/ld+json\" class=\"yoast-schema-graph\">{\"@context\":\"https:\\\/\\\/schema.org\",\"@graph\":[{\"@type\":\"WebPage\",\"@id\":\"https:\\\/\\\/eminis.com.tr\\\/en\\\/contact\\\/\",\"url\":\"https:\\\/\\\/eminis.com.tr\\\/en\\\/contact\\\/\",\"name\":\"Contact - Plastik Kova, Metal Kova, Metal Pail Manufacturer, Plastic Industrial Bucket Manufacturer, metal packaging manufacturer in Europe,plastik ambalaj \u00fcreticileri\",\"isPartOf\":{\"@id\":\"https:\\\/\\\/eminis.com.tr\\\/en\\\/#website\"},\"datePublished\":\"2020-03-16T10:08:32+00:00\",\"dateModified\":\"2022-12-30T05:43:10+00:00\",\"description\":\"Emini\u015f Ambalaj, T\u00fcrkiye merkezli 1970'den beri hizmet veren bir metal ve plastik ambalaj \u015firketidir. \u015eirket boya, kimya ve g\u0131da end\u00fcstrileri i\u00e7in pek \u00e7ok \u00fcr\u00fcn envanterine sahiptir. %\",\"breadcrumb\":{\"@id\":\"https:\\\/\\\/eminis.com.tr\\\/en\\\/contact\\\/#breadcrumb\"},\"inLanguage\":\"en-US\",\"potentialAction\":[{\"@type\":\"ReadAction\",\"target\":[\"https:\\\/\\\/eminis.com.tr\\\/en\\\/contact\\\/\"]}]},{\"@type\":\"BreadcrumbList\",\"@id\":\"https:\\\/\\\/eminis.com.tr\\\/en\\\/contact\\\/#breadcrumb\",\"itemListElement\":[{\"@type\":\"ListItem\",\"position\":1,\"name\":\"Anasayfa\",\"item\":\"https:\\\/\\\/eminis.com.tr\\\/en\\\/\"},{\"@type\":\"ListItem\",\"position\":2,\"name\":\"Contact\"}]},{\"@type\":\"WebSite\",\"@id\":\"https:\\\/\\\/eminis.com.tr\\\/en\\\/#website\",\"url\":\"https:\\\/\\\/eminis.com.tr\\\/en\\\/\",\"name\":\"Plastik Kova, Metal Kova, Metal Pail Manufacturer, Plastic Industrial Bucket Manufacturer, metal packaging manufacturer in Europe,plastik ambalaj \u00fcreticileri\",\"description\":\"Emini\u015f Ambalaj - 1970&#039;den beri Ambalaj\u0131n\u0131z Emin Ellerde\",\"publisher\":{\"@id\":\"https:\\\/\\\/eminis.com.tr\\\/en\\\/#organization\"},\"potentialAction\":[{\"@type\":\"SearchAction\",\"target\":{\"@type\":\"EntryPoint\",\"urlTemplate\":\"https:\\\/\\\/eminis.com.tr\\\/en\\\/?s={search_term_string}\"},\"query-input\":{\"@type\":\"PropertyValueSpecification\",\"valueRequired\":true,\"valueName\":\"search_term_string\"}}],\"inLanguage\":\"en-US\"},{\"@type\":\"Organization\",\"@id\":\"https:\\\/\\\/eminis.com.tr\\\/en\\\/#organization\",\"name\":\"EM\u0130N\u0130\u015e AMBALAJ SAN. ve T\u0130C. A.\u015e.\",\"url\":\"https:\\\/\\\/eminis.com.tr\\\/en\\\/\",\"logo\":{\"@type\":\"ImageObject\",\"inLanguage\":\"en-US\",\"@id\":\"https:\\\/\\\/eminis.com.tr\\\/en\\\/#\\\/schema\\\/logo\\\/image\\\/\",\"url\":\"https:\\\/\\\/eminis.com.tr\\\/wp-content\\\/uploads\\\/2022\\\/04\\\/Logo.png\",\"contentUrl\":\"https:\\\/\\\/eminis.com.tr\\\/wp-content\\\/uploads\\\/2022\\\/04\\\/Logo.png\",\"width\":250,\"height\":75,\"caption\":\"EM\u0130N\u0130\u015e AMBALAJ SAN. ve T\u0130C. A.\u015e.\"},\"image\":{\"@id\":\"https:\\\/\\\/eminis.com.tr\\\/en\\\/#\\\/schema\\\/logo\\\/image\\\/\"},\"sameAs\":[\"https:\\\/\\\/www.facebook.com\\\/EminisAmbalaj\\\/\",\"https:\\\/\\\/www.instagram.com\\\/eminisambalaj\\\/\",\"https:\\\/\\\/tr.linkedin.com\\\/company\\\/eminis\"]}]}<\/script>\n<!-- \/ Yoast SEO plugin. -->","yoast_head_json":{"title":"Contact - Plastik Kova, Metal Kova, Metal Pail Manufacturer, Plastic Industrial Bucket Manufacturer, metal packaging manufacturer in Europe,plastik ambalaj \u00fcreticileri","description":"Emini\u015f Ambalaj, T\u00fcrkiye merkezli 1970'den beri hizmet veren bir metal ve plastik ambalaj \u015firketidir. \u015eirket boya, kimya ve g\u0131da end\u00fcstrileri i\u00e7in pek \u00e7ok \u00fcr\u00fcn envanterine sahiptir. %","robots":{"index":"index","follow":"follow","max-snippet":"max-snippet:-1","max-image-preview":"max-image-preview:large","max-video-preview":"max-video-preview:-1"},"canonical":"https:\/\/eminis.com.tr\/en\/contact\/","og_locale":"en_US","og_type":"article","og_title":"Contact - Plastik Kova, Metal Kova, Metal Pail Manufacturer, Plastic Industrial Bucket Manufacturer, metal packaging manufacturer in Europe,plastik ambalaj \u00fcreticileri","og_description":"Emini\u015f Ambalaj, T\u00fcrkiye merkezli 1970'den beri hizmet veren bir metal ve plastik ambalaj \u015firketidir. \u015eirket boya, kimya ve g\u0131da end\u00fcstrileri i\u00e7in pek \u00e7ok \u00fcr\u00fcn envanterine sahiptir. %","og_url":"https:\/\/eminis.com.tr\/en\/contact\/","og_site_name":"Plastik Kova, Metal Kova, Metal Pail Manufacturer, Plastic Industrial Bucket Manufacturer, metal packaging manufacturer in Europe,plastik ambalaj \u00fcreticileri","article_publisher":"https:\/\/www.facebook.com\/EminisAmbalaj\/","article_modified_time":"2022-12-30T05:43:10+00:00","twitter_card":"summary_large_image","schema":{"@context":"https:\/\/schema.org","@graph":[{"@type":"WebPage","@id":"https:\/\/eminis.com.tr\/en\/contact\/","url":"https:\/\/eminis.com.tr\/en\/contact\/","name":"Contact - Plastik Kova, Metal Kova, Metal Pail Manufacturer, Plastic Industrial Bucket Manufacturer, metal packaging manufacturer in Europe,plastik ambalaj \u00fcreticileri","isPartOf":{"@id":"https:\/\/eminis.com.tr\/en\/#website"},"datePublished":"2020-03-16T10:08:32+00:00","dateModified":"2022-12-30T05:43:10+00:00","description":"Emini\u015f Ambalaj, T\u00fcrkiye merkezli 1970'den beri hizmet veren bir metal ve plastik ambalaj \u015firketidir. \u015eirket boya, kimya ve g\u0131da end\u00fcstrileri i\u00e7in pek \u00e7ok \u00fcr\u00fcn envanterine sahiptir. %","breadcrumb":{"@id":"https:\/\/eminis.com.tr\/en\/contact\/#breadcrumb"},"inLanguage":"en-US","potentialAction":[{"@type":"ReadAction","target":["https:\/\/eminis.com.tr\/en\/contact\/"]}]},{"@type":"BreadcrumbList","@id":"https:\/\/eminis.com.tr\/en\/contact\/#breadcrumb","itemListElement":[{"@type":"ListItem","position":1,"name":"Anasayfa","item":"https:\/\/eminis.com.tr\/en\/"},{"@type":"ListItem","position":2,"name":"Contact"}]},{"@type":"WebSite","@id":"https:\/\/eminis.com.tr\/en\/#website","url":"https:\/\/eminis.com.tr\/en\/","name":"Plastik Kova, Metal Kova, Metal Pail Manufacturer, Plastic Industrial Bucket Manufacturer, metal packaging manufacturer in Europe,plastik ambalaj \u00fcreticileri","description":"Emini\u015f Ambalaj - 1970&#039;den beri Ambalaj\u0131n\u0131z Emin Ellerde","publisher":{"@id":"https:\/\/eminis.com.tr\/en\/#organization"},"potentialAction":[{"@type":"SearchAction","target":{"@type":"EntryPoint","urlTemplate":"https:\/\/eminis.com.tr\/en\/?s={search_term_string}"},"query-input":{"@type":"PropertyValueSpecification","valueRequired":true,"valueName":"search_term_string"}}],"inLanguage":"en-US"},{"@type":"Organization","@id":"https:\/\/eminis.com.tr\/en\/#organization","name":"EM\u0130N\u0130\u015e AMBALAJ SAN. ve T\u0130C. A.\u015e.","url":"https:\/\/eminis.com.tr\/en\/","logo":{"@type":"ImageObject","inLanguage":"en-US","@id":"https:\/\/eminis.com.tr\/en\/#\/schema\/logo\/image\/","url":"https:\/\/eminis.com.tr\/wp-content\/uploads\/2022\/04\/Logo.png","contentUrl":"https:\/\/eminis.com.tr\/wp-content\/uploads\/2022\/04\/Logo.png","width":250,"height":75,"caption":"EM\u0130N\u0130\u015e AMBALAJ SAN. ve T\u0130C. A.\u015e."},"image":{"@id":"https:\/\/eminis.com.tr\/en\/#\/schema\/logo\/image\/"},"sameAs":["https:\/\/www.facebook.com\/EminisAmbalaj\/","https:\/\/www.instagram.com\/eminisambalaj\/","https:\/\/tr.linkedin.com\/company\/eminis"]}]}},"_links":{"self":[{"href":"https:\/\/eminis.com.tr\/en\/wp-json\/wp\/v2\/pages\/1746","targetHints":{"allow":["GET"]}}],"collection":[{"href":"https:\/\/eminis.com.tr\/en\/wp-json\/wp\/v2\/pages"}],"about":[{"href":"https:\/\/eminis.com.tr\/en\/wp-json\/wp\/v2\/types\/page"}],"author":[{"embeddable":true,"href":"https:\/\/eminis.com.tr\/en\/wp-json\/wp\/v2\/users\/1"}],"replies":[{"embeddable":true,"href":"https:\/\/eminis.com.tr\/en\/wp-json\/wp\/v2\/comments?post=1746"}],"version-history":[{"count":0,"href":"https:\/\/eminis.com.tr\/en\/wp-json\/wp\/v2\/pages\/1746\/revisions"}],"wp:attachment":[{"href":"https:\/\/eminis.com.tr\/en\/wp-json\/wp\/v2\/media?parent=1746"}],"curies":[{"name":"wp","href":"https:\/\/api.w.org\/{rel}","templated":true}]}}